{"id":3644,"date":"2018-09-06T10:23:05","date_gmt":"2018-09-06T10:23:05","guid":{"rendered":"http:\/\/aconseguir.com\/petits-exercicis-consciencia-financera\/"},"modified":"2023-05-29T16:25:53","modified_gmt":"2023-05-29T14:25:53","slug":"pequenos-ejercicios-consciencia-financiera","status":"publish","type":"page","link":"https:\/\/aconseguir.com\/es\/pequenos-ejercicios-consciencia-financiera\/","title":{"rendered":"Peque\u00f1os ejercicios de consciencia financiera"},"content":{"rendered":"<div class=\"wpb-content-wrapper\"><p>[vc_row][vc_column][vc_row_inner][vc_column_inner width=\u00bb1\/3&#8243;][vc_empty_space height=\u00bb20px\u00bb][vc_column_text]<\/p>\n<h1 style=\"text-align: justify;\"><span style=\"color: #808080;\">\u00a1Da el primer paso para ganar consciencia financiera!<\/span><\/h1>\n<p style=\"font-size: 20px; font-family: 'Roboto', Helvetica, sans-serif; text-align: justify;\">\u00bfTe ha pasado alguna vez que has le\u00eddo alg\u00fan art\u00edculo en una web o has visto un programa en la televisi\u00f3n que te ha llevado a observar alg\u00fan aspecto de tu vida de otra manera?<\/p>\n<p style=\"font-size: 20px; font-family: 'Roboto', Helvetica, sans-serif; text-align: justify;\">\u00bfTe gustar\u00eda disponer de un peque\u00f1o ejercicio que te ayudar\u00e1 a mirar tus finanzas desde otra perspectiva?<\/p>\n<p style=\"font-size: 20px; font-family: 'Roboto', Helvetica, sans-serif; text-align: justify;\">Si nos facilitas tu nombre y correo, te enviaremos gratis un <span style=\"color: #ab192e;\">PEQUE\u00d1O EJERCICIO DE CONSCIENCIA FINANCIERA<\/span> que muy posiblemente te aportar\u00e1 otro nivel de conocimiento en c\u00f3mo gastas el dinero que ganas.<\/p>\n<p>[\/vc_column_text][\/vc_column_inner][vc_column_inner width=\u00bb2\/3&#8243;][vc_column_text]<span style=\"display:none\" class=\"tl-placeholder-f-type-shortcode_3556\"><\/span>[\/vc_column_text][vc_empty_space][\/vc_column_inner][\/vc_row_inner][vc_column_text]<\/p>\n<hr \/>\n<h3><span style=\"color: #808080;\">Consulta otros ejercicios de consciencia financiera:<\/span><\/h3>\n<ul style=\"font-size: 20px; font-family: Roboto;\">\n<li><a href=\"https:\/\/aconseguir.com\/es\/independencia-financiera\/\" target=\"_blank\" rel=\"noopener noreferrer\">Ejercicio 1: Independencia financiera<\/a><\/li>\n<li><a href=\"https:\/\/aconseguir.com\/es\/stop-prestamos\/\" target=\"_blank\" rel=\"noopener noreferrer\">Ejercicio 2: Stop Pr\u00e9stamos<\/a><\/li>\n<li><a href=\"https:\/\/aconseguir.com\/es\/ejercicios-de-consciencia-financiera\/\" target=\"_blank\" rel=\"noopener noreferrer\">Ejercicios de consciencia financiera de emergencia<\/a><\/li>\n<\/ul>\n<p>[\/vc_column_text][\/vc_column][\/vc_row][vc_row full_width=\u00bbstretch_row\u00bb fullwidth=\u00bb1&#8243; css=\u00bb.vc_custom_1533904159547{background-color: #eaeaea !important;}\u00bb el_class=\u00bb.fullwidth\u00bb][vc_column css=\u00bb.vc_custom_1437730621219{padding-top: 10px !important;}\u00bb][vc_row_inner css=\u00bb.vc_custom_1685370349269{margin-top: 50px !important;margin-bottom: 50px !important;}\u00bb][vc_column_inner width=\u00bb1\/2&#8243;][vc_column_text]<\/p>\n<h3>\u00bfQu\u00e9 podemos aportarte en acOnseguir?<\/h3>\n<h4>Conoce los servicios que te ofrecemos<\/h4>\n<div class=\"video-responsive\"><div class=\"lyte-wrapper fourthree\" style=\"width:420px;max-width:100%;margin:5px;\"><div class=\"lyMe\" id=\"WYL_4HrZVxL4uJM\"><div id=\"lyte_4HrZVxL4uJM\" data-src=\"\/\/i.ytimg.com\/vi\/4HrZVxL4uJM\/hqdefault.jpg\" class=\"pL\"><div class=\"tC\"><div class=\"tT\"><\/div><\/div><div class=\"play\"><\/div><div class=\"ctrl\"><div class=\"Lctrl\"><\/div><div class=\"Rctrl\"><\/div><\/div><\/div><noscript><a href=\"https:\/\/youtu.be\/4HrZVxL4uJM\" rel=\"nofollow\"><img loading=\"lazy\" decoding=\"async\" src=\"https:\/\/i.ytimg.com\/vi\/4HrZVxL4uJM\/0.jpg\" alt=\"\" width=\"420\" height=\"295\" \/><br \/>Ver este v\u00eddeo en YouTube<\/a><\/noscript><\/div><\/div><div class=\"lL\" style=\"max-width:100%;width:420px;margin:5px;\"><\/div><\/div>\n<p>[\/vc_column_text][\/vc_column_inner][vc_column_inner width=\u00bb1\/2&#8243;][vc_column_text]<\/p>\n<h3>\u00bfQu\u00e9 dicen de nosotros?<\/h3>\n<h4>Testimonios de nuestros clientes<\/h4>\n<p>[\/vc_column_text]<style type=\"text\/css\" data-type=\"the7_shortcodes-inline-css\">.testimonials-carousel-shortcode.testimonials-carousel-shortcode-id-dc24b3540088acafa60a37275c8f33f4.owl-carousel .owl-nav a {\n  width: 36px;\n  height: 36px;\n  border-radius: 500px;\n}\n.testimonials-carousel-shortcode.testimonials-carousel-shortcode-id-dc24b3540088acafa60a37275c8f33f4.owl-carousel .owl-nav a:before,\n.testimonials-carousel-shortcode.testimonials-carousel-shortcode-id-dc24b3540088acafa60a37275c8f33f4.owl-carousel .owl-nav a:after {\n  border-width: 0px;\n}\n.testimonials-carousel-shortcode.testimonials-carousel-shortcode-id-dc24b3540088acafa60a37275c8f33f4.owl-carousel .owl-nav a.owl-prev {\n  top: 50%;\n  transform: translateY(calc(-50% + 0px));\n  left: -43px;\n}\n@media all and (-ms-high-contrast: none) {\n  .testimonials-carousel-shortcode.testimonials-carousel-shortcode-id-dc24b3540088acafa60a37275c8f33f4.owl-carousel .owl-nav a.owl-prev {\n    transform: translateY(-50%);\n    margin-top: 0px;\n  }\n}\n.testimonials-carousel-shortcode.testimonials-carousel-shortcode-id-dc24b3540088acafa60a37275c8f33f4.owl-carousel .owl-nav a.owl-prev i {\n  padding: 0px 0px 0px 0px;\n}\n.testimonials-carousel-shortcode.testimonials-carousel-shortcode-id-dc24b3540088acafa60a37275c8f33f4.owl-carousel .owl-nav a.owl-next {\n  top: 50%;\n  transform: translateY(calc(-50% + 0px));\n  right: -43px;\n}\n@media all and (-ms-high-contrast: none) {\n  .testimonials-carousel-shortcode.testimonials-carousel-shortcode-id-dc24b3540088acafa60a37275c8f33f4.owl-carousel .owl-nav a.owl-next {\n    transform: translateY(-50%);\n    margin-top: 0px;\n  }\n}\n.testimonials-carousel-shortcode.testimonials-carousel-shortcode-id-dc24b3540088acafa60a37275c8f33f4.owl-carousel .owl-nav a.owl-next i {\n  padding: 0px 0px 0px 0px;\n}\n.testimonials-carousel-shortcode.testimonials-carousel-shortcode-id-dc24b3540088acafa60a37275c8f33f4.owl-carousel .owl-nav i {\n  font-size: 18px;\n}\n.testimonials-carousel-shortcode.testimonials-carousel-shortcode-id-dc24b3540088acafa60a37275c8f33f4.owl-carousel .owl-nav a:not(:hover) i,\n.testimonials-carousel-shortcode.testimonials-carousel-shortcode-id-dc24b3540088acafa60a37275c8f33f4.owl-carousel .owl-nav a:not(:hover) i:before {\n  color: #ffffff;\n  background: none;\n}\n.testimonials-carousel-shortcode.testimonials-carousel-shortcode-id-dc24b3540088acafa60a37275c8f33f4.owl-carousel .owl-nav a:hover i,\n.testimonials-carousel-shortcode.testimonials-carousel-shortcode-id-dc24b3540088acafa60a37275c8f33f4.owl-carousel .owl-nav a:hover i:before {\n  color: rgba(255,255,255,0.75);\n  background: none;\n}\n.testimonials-carousel-shortcode.testimonials-carousel-shortcode-id-dc24b3540088acafa60a37275c8f33f4 .owl-dots {\n  top: calc(100% + 20px);\n  left: 50%;\n  transform: translateX(calc(-50% + 0px));\n}\n@media all and (-ms-high-contrast: none) {\n  .testimonials-carousel-shortcode.testimonials-carousel-shortcode-id-dc24b3540088acafa60a37275c8f33f4 .owl-dots {\n    transform: translateX(-50%);\n    margin-left: 0px;\n  }\n}\n.testimonials-carousel-shortcode.testimonials-carousel-shortcode-id-dc24b3540088acafa60a37275c8f33f4 .owl-dot {\n  width: 10px;\n  height: 10px;\n  margin: 0 8px;\n}\n@media screen and (max-width: 778px) {\n  .testimonials-carousel-shortcode.testimonials-carousel-shortcode-id-dc24b3540088acafa60a37275c8f33f4.hide-arrows.owl-carousel .owl-nav a {\n    display: none;\n  }\n}\n@media screen and (max-width: 778px) {\n  .testimonials-carousel-shortcode.testimonials-carousel-shortcode-id-dc24b3540088acafa60a37275c8f33f4.reposition-arrows.owl-carousel .owl-nav .owl-prev {\n    top: 50%;\n    transform: translateY(calc(-50% + 0px));\n    left: -18px;\n  }\n  .testimonials-carousel-shortcode.testimonials-carousel-shortcode-id-dc24b3540088acafa60a37275c8f33f4.reposition-arrows.owl-carousel .owl-nav .owl-next {\n    top: 50%;\n    transform: translateY(calc(-50% + 0px));\n    right: -18px;\n  }\n}\n@media screen and (max-width: 778px) and all and (-ms-high-contrast: none) {\n  .testimonials-carousel-shortcode.testimonials-carousel-shortcode-id-dc24b3540088acafa60a37275c8f33f4.reposition-arrows.owl-carousel .owl-nav .owl-prev {\n    transform: translateY(-50%);\n    margin-top: 0px;\n  }\n}\n@media screen and (max-width: 778px) and all and (-ms-high-contrast: none) {\n  .testimonials-carousel-shortcode.testimonials-carousel-shortcode-id-dc24b3540088acafa60a37275c8f33f4.reposition-arrows.owl-carousel .owl-nav .owl-next {\n    transform: translateY(-50%);\n    margin-top: 0px;\n  }\n}\n.testimonials-carousel-shortcode.testimonials-carousel-shortcode-id-dc24b3540088acafa60a37275c8f33f4 .testimonial-item {\n  padding: 30px 30px 20px 30px;\n}\n.testimonials-carousel-shortcode.testimonials-carousel-shortcode-id-dc24b3540088acafa60a37275c8f33f4 .testimonial-name,\n.testimonials-carousel-shortcode.testimonials-carousel-shortcode-id-dc24b3540088acafa60a37275c8f33f4 .testimonial-name a,\n.testimonials-carousel-shortcode.testimonials-carousel-shortcode-id-dc24b3540088acafa60a37275c8f33f4 .testimonial-name span {\n  margin-bottom: 0px;\n  font-weight: bold;\n}\n.testimonials-carousel-shortcode.testimonials-carousel-shortcode-id-dc24b3540088acafa60a37275c8f33f4 .testimonial-position {\n  margin-bottom: 20px;\n}\n.testimonials-carousel-shortcode.testimonials-carousel-shortcode-id-dc24b3540088acafa60a37275c8f33f4 .testimonial-position,\n.testimonials-carousel-shortcode.testimonials-carousel-shortcode-id-dc24b3540088acafa60a37275c8f33f4 .testimonial-position span {\n  font-weight: bold;\n}\n.testimonials-carousel-shortcode.testimonials-carousel-shortcode-id-dc24b3540088acafa60a37275c8f33f4  .testimonial-avatar {\n  padding: 0px 20px 20px 0px;\n}\n.testimonials-carousel-shortcode.testimonials-carousel-shortcode-id-dc24b3540088acafa60a37275c8f33f4  .testimonial-avatar a,\n.testimonials-carousel-shortcode.testimonials-carousel-shortcode-id-dc24b3540088acafa60a37275c8f33f4  .testimonial-avatar span,\n.testimonials-carousel-shortcode.testimonials-carousel-shortcode-id-dc24b3540088acafa60a37275c8f33f4  .testimonial-avatar img {\n  max-width: 80px;\n}\n.testimonials-carousel-shortcode.testimonials-carousel-shortcode-id-dc24b3540088acafa60a37275c8f33f4 .dt-css-grid .testimonial-avatar img,\n.testimonials-carousel-shortcode.testimonials-carousel-shortcode-id-dc24b3540088acafa60a37275c8f33f4 .dt-css-grid .testimonial-avatar svg {\n  max-width: 100%;\n}\n.testimonials-carousel-shortcode.testimonials-carousel-shortcode-id-dc24b3540088acafa60a37275c8f33f4.layout-5:not(.hide-testimonial-avatar) .content-wrap,\n.testimonials-carousel-shortcode.testimonials-carousel-shortcode-id-dc24b3540088acafa60a37275c8f33f4.layout-6:not(.hide-testimonial-avatar) .content-wrap {\n  width: calc(100% - 80px - 20px - 0px);\n}\n.testimonials-carousel-shortcode.testimonials-carousel-shortcode-id-dc24b3540088acafa60a37275c8f33f4 .testimonial-content {\n  margin-bottom: 0px;\n}\n.testimonials-carousel-shortcode.testimonials-carousel-shortcode-id-dc24b3540088acafa60a37275c8f33f4  .testimonial-avatar,\n.testimonials-carousel-shortcode.testimonials-carousel-shortcode-id-dc24b3540088acafa60a37275c8f33f4  .testimonial-avatar a.rollover,\n.testimonials-carousel-shortcode.testimonials-carousel-shortcode-id-dc24b3540088acafa60a37275c8f33f4  .testimonial-avatar a.rollover *,\n.testimonials-carousel-shortcode.testimonials-carousel-shortcode-id-dc24b3540088acafa60a37275c8f33f4  .testimonial-avatar img,\n.testimonials-carousel-shortcode.testimonials-carousel-shortcode-id-dc24b3540088acafa60a37275c8f33f4  .testimonial-avatar .no-avatar,\n.testimonials-carousel-shortcode.testimonials-carousel-shortcode-id-dc24b3540088acafa60a37275c8f33f4  .testim-no-avatar {\n  border-radius: 500px;\n}\n.testimonials-carousel-shortcode.testimonials-carousel-shortcode-id-dc24b3540088acafa60a37275c8f33f4  .testimonial-avatar .no-avatar {\n  height: 80px;\n}\n.testimonials-carousel-shortcode.testimonials-carousel-shortcode-id-dc24b3540088acafa60a37275c8f33f4  .testimonial-avatar .no-avatar {\n  font-size: 80px;\n  width: 80px;\n}\n<\/style><div class=\"owl-carousel testimonials-carousel-shortcode dt-testimonials-shortcode dt-owl-carousel-call testimonials-carousel-shortcode-id-dc24b3540088acafa60a37275c8f33f4 content-align-left layout-3 content-bg-off hide-testimonial-position hide-testimonial-avatar bullets-small-dot-stroke reposition-arrows arrows-bg-on dt-arrow-border-on dt-arrow-hover-border-on disable-arrows-hover-bg arrows-hover-bg-on  \" data-scroll-mode=\"1\" data-col-num=\"1\" data-wide-col-num=\"1\" data-laptop-col=\"1\" data-h-tablet-columns-num=\"1\" data-v-tablet-columns-num=\"1\" data-phone-columns-num=\"1\" data-auto-height=\"false\" data-col-gap=\"30\" data-stage-padding=\"0\" data-speed=\"600\" data-autoplay=\"false\" data-autoplay_speed=\"6000\" data-arrows=\"true\" data-bullet=\"false\" data-next-icon=\"icon-ar-017-r\" data-prev-icon=\"icon-ar-017-l\"><div class=\"testimonial-item\"><div class=\"testimonial-author\"><div class=\"testimonial-vcard\"><div class=\"testimonial-name\"><span class=\"text-primary\">F.T., Valencia<\/span><br \/><\/div><div class=\"testimonial-position\"><\/div><\/div><\/div><div class=\"testimonial-content\"><p>Gracias a acOnseguir vi que estaba demasiado endeudado, y que ten\u00eda que poner remedio a ello. Con su ayuda hice un plan, y durante\u00a0el pr\u00f3ximo a\u00f1o\u00a0ya no deber\u00e9 nada a los bancos. Tengo claro que devolver una deuda con pagos de intereses elevados es la mejor inversi\u00f3n, y, una vez est\u00e1s al d\u00eda, hay que dedicar una parte de los ingresos al ahorro.<\/p>\n<\/div><\/div><\/div>[\/vc_column_inner][\/vc_row_inner][\/vc_column][\/vc_row][vc_row full_width=\u00bbstretch_row\u00bb fullwidth=\u00bb1&#8243; el_class=\u00bb.fullwidth\u00bb][vc_column css=\u00bb.vc_custom_1437730621219{padding-top: 10px !important;}\u00bb][vc_row_inner][vc_column_inner width=\u00bb1\/2&#8243;][vc_empty_space height=\u00bb40px\u00bb el_class=\u00bbespai_landing\u00bb][vc_column_text]<\/p>\n<h1><span style=\"color: #808080;\">Entr\u00e9nate a nivel financiero y con nuestra ayuda podr\u00e1s:<\/span><\/h1>\n<h3 class=\"titlelandingn\" style=\"text-align: justify; font-size: 20px; font-family: 'Roboto', Helvetica, sans-serif;\"><span style=\"color: #808080;\">Establecer tus objetivos financieros<\/span><\/h3>\n<h3 class=\"titlelandingn\" style=\"text-align: justify; font-size: 20px; font-family: 'Roboto', Helvetica, sans-serif;\"><span style=\"color: #808080;\">Gestionar eficazmente tu dinero<\/span><\/h3>\n<h3 class=\"titlelandingn\" style=\"text-align: justify; font-size: 20px; font-family: 'Roboto', Helvetica, sans-serif;\"><span style=\"color: #808080;\">Controlar tu econom\u00eda dom\u00e9stica<\/span><\/h3>\n<h3 class=\"titlelandingn\" style=\"text-align: justify; font-size: 20px; font-family: 'Roboto', Helvetica, sans-serif;\"><span style=\"color: #808080;\">Dar coherencia a tus inversiones<\/span><\/h3>\n<h3 class=\"titlelandingn\" style=\"text-align: justify; font-size: 20px; font-family: 'Roboto', Helvetica, sans-serif;\"><span style=\"color: #808080;\">Hacer un plan de acci\u00f3n, seguirlo y conseguir tus objetivos<\/span><\/h3>\n<p>[\/vc_column_text][\/vc_column_inner][vc_column_inner width=\u00bb1\/2&#8243;][vc_empty_space height=\u00bb21px\u00bb el_class=\u00bbespai_landing\u00bb][vc_single_image image=\u00bb2203&#8243; img_size=\u00bbfull\u00bb][\/vc_column_inner][\/vc_row_inner][\/vc_column][\/vc_row]<\/p>\n<\/div>","protected":false},"excerpt":{"rendered":"<p>[vc_row][vc_column][vc_row_inner][vc_column_inner width=\u00bb1\/3&#8243;][vc_empty_space height=\u00bb20px\u00bb][vc_column_text] \u00a1Da el primer paso para ganar consciencia financiera! \u00bfTe ha pasado alguna vez que has le\u00eddo alg\u00fan art\u00edculo en una web o has visto un programa en la televisi\u00f3n que te ha llevado a observar alg\u00fan aspecto de tu vida de otra manera? \u00bfTe gustar\u00eda disponer de un peque\u00f1o ejercicio que te&hellip;<\/p>\n","protected":false},"author":11,"featured_media":0,"parent":0,"menu_order":0,"comment_status":"closed","ping_status":"closed","template":"","meta":{"_joinchat":[],"footnotes":""},"hashtags":[],"yoast_head":"<!-- This site is optimized with the Yoast SEO plugin v24.4 - https:\/\/yoast.com\/wordpress\/plugins\/seo\/ -->\n<title>Peque\u00f1os ejercicios de consciencia financiera<\/title>\n<meta name=\"description\" content=\"\u00a1Da el primer paso para ganar consciencia financiera! \u00bfTe ha pasado alguna vez que has le\u00eddo alg\u00fan art\u00edculo en una web o has visto un programa en la\" \/>\n<meta name=\"robots\" content=\"noindex, nofollow\" \/>\n<meta property=\"og:locale\" content=\"es_ES\" \/>\n<meta property=\"og:type\" content=\"article\" \/>\n<meta property=\"og:title\" content=\"Peque\u00f1os ejercicios de consciencia financiera\" \/>\n<meta property=\"og:description\" content=\"\u00a1Da el primer paso para ganar consciencia financiera! \u00bfTe ha pasado alguna vez que has le\u00eddo alg\u00fan art\u00edculo en una web o has visto un programa en la\" \/>\n<meta property=\"og:url\" content=\"https:\/\/aconseguir.com\/es\/pequenos-ejercicios-consciencia-financiera\/\" \/>\n<meta property=\"og:site_name\" content=\"aconseguir.com\" \/>\n<meta property=\"article:publisher\" content=\"https:\/\/www.facebook.com\/acOnseguir\/\" \/>\n<meta property=\"article:modified_time\" content=\"2023-05-29T14:25:53+00:00\" \/>\n<meta property=\"og:image\" content=\"https:\/\/aconseguir.com\/wp-content\/uploads\/2023\/05\/asesor-finanzas-aconseguir.jpg\" \/>\n\t<meta property=\"og:image:width\" content=\"500\" \/>\n\t<meta property=\"og:image:height\" content=\"500\" \/>\n\t<meta property=\"og:image:type\" content=\"image\/jpeg\" \/>\n<meta name=\"twitter:card\" content=\"summary_large_image\" \/>\n<meta name=\"twitter:site\" content=\"@aconseguir_cat\" \/>\n<meta name=\"twitter:label1\" content=\"Tiempo de lectura\" \/>\n\t<meta name=\"twitter:data1\" content=\"2 minutos\" \/>\n<script type=\"application\/ld+json\" class=\"yoast-schema-graph\">{\"@context\":\"https:\/\/schema.org\",\"@graph\":[{\"@type\":\"WebPage\",\"@id\":\"https:\/\/aconseguir.com\/es\/pequenos-ejercicios-consciencia-financiera\/\",\"url\":\"https:\/\/aconseguir.com\/es\/pequenos-ejercicios-consciencia-financiera\/\",\"name\":\"Peque\u00f1os ejercicios de consciencia financiera\",\"isPartOf\":{\"@id\":\"https:\/\/aconseguir.com\/es\/#website\"},\"datePublished\":\"2018-09-06T10:23:05+00:00\",\"dateModified\":\"2023-05-29T14:25:53+00:00\",\"description\":\"\u00a1Da el primer paso para ganar consciencia financiera! \u00bfTe ha pasado alguna vez que has le\u00eddo alg\u00fan art\u00edculo en una web o has visto un programa en la\",\"inLanguage\":\"es\",\"potentialAction\":[{\"@type\":\"ReadAction\",\"target\":[\"https:\/\/aconseguir.com\/es\/pequenos-ejercicios-consciencia-financiera\/\"]}]},{\"@type\":\"WebSite\",\"@id\":\"https:\/\/aconseguir.com\/es\/#website\",\"url\":\"https:\/\/aconseguir.com\/es\/\",\"name\":\"aconseguir.com\",\"description\":\"Otro sitio realizado con WordPress\",\"publisher\":{\"@id\":\"https:\/\/aconseguir.com\/es\/#organization\"},\"potentialAction\":[{\"@type\":\"SearchAction\",\"target\":{\"@type\":\"EntryPoint\",\"urlTemplate\":\"https:\/\/aconseguir.com\/es\/?s={search_term_string}\"},\"query-input\":{\"@type\":\"PropertyValueSpecification\",\"valueRequired\":true,\"valueName\":\"search_term_string\"}}],\"inLanguage\":\"es\"},{\"@type\":\"Organization\",\"@id\":\"https:\/\/aconseguir.com\/es\/#organization\",\"name\":\"acOnseguir\",\"url\":\"https:\/\/aconseguir.com\/es\/\",\"logo\":{\"@type\":\"ImageObject\",\"inLanguage\":\"es\",\"@id\":\"https:\/\/aconseguir.com\/es\/#\/schema\/logo\/image\/\",\"url\":\"https:\/\/aconseguir.com\/wp-content\/uploads\/2015\/05\/logo-aconseguir.png\",\"contentUrl\":\"https:\/\/aconseguir.com\/wp-content\/uploads\/2015\/05\/logo-aconseguir.png\",\"width\":260,\"height\":90,\"caption\":\"acOnseguir\"},\"image\":{\"@id\":\"https:\/\/aconseguir.com\/es\/#\/schema\/logo\/image\/\"},\"sameAs\":[\"https:\/\/www.facebook.com\/acOnseguir\/\",\"https:\/\/x.com\/aconseguir_cat\"]}]}<\/script>\n<!-- \/ Yoast SEO plugin. -->","yoast_head_json":{"title":"Peque\u00f1os ejercicios de consciencia financiera","description":"\u00a1Da el primer paso para ganar consciencia financiera! \u00bfTe ha pasado alguna vez que has le\u00eddo alg\u00fan art\u00edculo en una web o has visto un programa en la","robots":{"index":"noindex","follow":"nofollow"},"og_locale":"es_ES","og_type":"article","og_title":"Peque\u00f1os ejercicios de consciencia financiera","og_description":"\u00a1Da el primer paso para ganar consciencia financiera! \u00bfTe ha pasado alguna vez que has le\u00eddo alg\u00fan art\u00edculo en una web o has visto un programa en la","og_url":"https:\/\/aconseguir.com\/es\/pequenos-ejercicios-consciencia-financiera\/","og_site_name":"aconseguir.com","article_publisher":"https:\/\/www.facebook.com\/acOnseguir\/","article_modified_time":"2023-05-29T14:25:53+00:00","og_image":[{"width":500,"height":500,"url":"https:\/\/aconseguir.com\/wp-content\/uploads\/2023\/05\/asesor-finanzas-aconseguir.jpg","type":"image\/jpeg"}],"twitter_card":"summary_large_image","twitter_site":"@aconseguir_cat","twitter_misc":{"Tiempo de lectura":"2 minutos"},"schema":{"@context":"https:\/\/schema.org","@graph":[{"@type":"WebPage","@id":"https:\/\/aconseguir.com\/es\/pequenos-ejercicios-consciencia-financiera\/","url":"https:\/\/aconseguir.com\/es\/pequenos-ejercicios-consciencia-financiera\/","name":"Peque\u00f1os ejercicios de consciencia financiera","isPartOf":{"@id":"https:\/\/aconseguir.com\/es\/#website"},"datePublished":"2018-09-06T10:23:05+00:00","dateModified":"2023-05-29T14:25:53+00:00","description":"\u00a1Da el primer paso para ganar consciencia financiera! \u00bfTe ha pasado alguna vez que has le\u00eddo alg\u00fan art\u00edculo en una web o has visto un programa en la","inLanguage":"es","potentialAction":[{"@type":"ReadAction","target":["https:\/\/aconseguir.com\/es\/pequenos-ejercicios-consciencia-financiera\/"]}]},{"@type":"WebSite","@id":"https:\/\/aconseguir.com\/es\/#website","url":"https:\/\/aconseguir.com\/es\/","name":"aconseguir.com","description":"Otro sitio realizado con WordPress","publisher":{"@id":"https:\/\/aconseguir.com\/es\/#organization"},"potentialAction":[{"@type":"SearchAction","target":{"@type":"EntryPoint","urlTemplate":"https:\/\/aconseguir.com\/es\/?s={search_term_string}"},"query-input":{"@type":"PropertyValueSpecification","valueRequired":true,"valueName":"search_term_string"}}],"inLanguage":"es"},{"@type":"Organization","@id":"https:\/\/aconseguir.com\/es\/#organization","name":"acOnseguir","url":"https:\/\/aconseguir.com\/es\/","logo":{"@type":"ImageObject","inLanguage":"es","@id":"https:\/\/aconseguir.com\/es\/#\/schema\/logo\/image\/","url":"https:\/\/aconseguir.com\/wp-content\/uploads\/2015\/05\/logo-aconseguir.png","contentUrl":"https:\/\/aconseguir.com\/wp-content\/uploads\/2015\/05\/logo-aconseguir.png","width":260,"height":90,"caption":"acOnseguir"},"image":{"@id":"https:\/\/aconseguir.com\/es\/#\/schema\/logo\/image\/"},"sameAs":["https:\/\/www.facebook.com\/acOnseguir\/","https:\/\/x.com\/aconseguir_cat"]}]}},"_links":{"self":[{"href":"https:\/\/aconseguir.com\/es\/wp-json\/wp\/v2\/pages\/3644"}],"collection":[{"href":"https:\/\/aconseguir.com\/es\/wp-json\/wp\/v2\/pages"}],"about":[{"href":"https:\/\/aconseguir.com\/es\/wp-json\/wp\/v2\/types\/page"}],"author":[{"embeddable":true,"href":"https:\/\/aconseguir.com\/es\/wp-json\/wp\/v2\/users\/11"}],"replies":[{"embeddable":true,"href":"https:\/\/aconseguir.com\/es\/wp-json\/wp\/v2\/comments?post=3644"}],"version-history":[{"count":10,"href":"https:\/\/aconseguir.com\/es\/wp-json\/wp\/v2\/pages\/3644\/revisions"}],"predecessor-version":[{"id":6015,"href":"https:\/\/aconseguir.com\/es\/wp-json\/wp\/v2\/pages\/3644\/revisions\/6015"}],"wp:attachment":[{"href":"https:\/\/aconseguir.com\/es\/wp-json\/wp\/v2\/media?parent=3644"}],"wp:term":[{"taxonomy":"hashtags","embeddable":true,"href":"https:\/\/aconseguir.com\/es\/wp-json\/wp\/v2\/hashtags?post=3644"}],"curies":[{"name":"wp","href":"https:\/\/api.w.org\/{rel}","templated":true}]}}