{"id":1826,"date":"2016-02-10T09:57:21","date_gmt":"2016-02-10T09:57:21","guid":{"rendered":"http:\/\/aconseguir.com\/es\/faq\/"},"modified":"2020-11-18T16:24:04","modified_gmt":"2020-11-18T16:24:04","slug":"faq","status":"publish","type":"page","link":"https:\/\/aconseguir.com\/es\/faq\/","title":{"rendered":"F.A.Q."},"content":{"rendered":"<div class=\"wpb-content-wrapper\"><p>[vc_row][vc_column width=\u00bb1\/1&#8243;][vc_toggle title=\u00bb\u00bfQu\u00e9 es el coaching financiero?\u00bb open=\u00bbtrue\u00bb]<\/p>\n<p><span lang=\"CA\" style=\"font-family: 'Arial','sans-serif';\"><span style=\"color: #000000;\">En acOnseguir entendemos el coaching financiero como un proceso en el que se aflora conciencia sobre la situaci\u00f3n econ\u00f3mica personal. A partir de esta conciencia, se toman decisiones responsables que deben llevar a alcanzar las metas financieras deseadas. Todo ello, acaba por potenciar la confianza de las personas en su propio poder para controlar su dinero.<\/span><\/span><\/p>\n<p>[\/vc_toggle][vc_toggle title=\u00bb\u00bfCu\u00e1l es el proceso a seguir para recibir el servicio?\u00bb open=\u00bbfalse\u00bb]<\/p>\n<p><span lang=\"CA\" style=\"font-family: 'Arial','sans-serif';\"><span style=\"color: #000000;\">El primer paso suele ser una toma de contacto inicial v\u00eda telef\u00f3nica para determinar cu\u00e1les son los objetivos que se quieren alcanzar con nuestro acompa\u00f1amiento. Una vez hecha la transferencia del importe acordado como precio del servicio, se abre un proceso de recogida de datos, se hace el an\u00e1lisis y tiene lugar la sesi\u00f3n de trabajo de aproximadamente una hora de duraci\u00f3n. El servicio finaliza con el correspondiente\u00a0plan de acci\u00f3n\u00a0y, en su caso, el seguimiento.<\/span><\/span><\/p>\n<p>[\/vc_toggle][vc_toggle title=\u00bb\u00bfCu\u00e1nto tiempo tendr\u00e9 que dedicar?\u00bb open=\u00bbfalse\u00bb]<span lang=\"CA\" style=\"font-family: 'Arial','sans-serif';\"><span style=\"color: #000000;\">Dentro del servicio de Coaching en econom\u00eda dom\u00e9stica, suele ser habitual dedicar un par de horas a recopilar datos que permitan saber qu\u00e9 destino tienen el dinero que entra a la econom\u00eda personal o familiar. Se trata de una inversi\u00f3n de tiempo que se ve largamente compensada por una toma de conciencia que facilita el resto del proceso.<\/span><\/span><\/p>\n<p>[\/vc_toggle][vc_toggle title=\u00bb\u00bfHay sesiones presenciales?\u00bb open=\u00bbfalse\u00bb]<\/p>\n<p><span lang=\"CA\" style=\"font-family: 'Arial','sans-serif';\"><span style=\"color: #000000;\">Para clientes del \u00e1rea de Barcelona la sesi\u00f3n presencial es una opci\u00f3n que se contempla, con un peque\u00f1o recargo sobre el precio.<\/span><\/span><\/p>\n<p>[\/vc_toggle][vc_toggle title=\u00bb\u00bfCu\u00e1les son las condiciones de pago?\u00bb open=\u00bbfalse\u00bb]<\/p>\n<p><span lang=\"CA\" style=\"font-family: 'Arial','sans-serif';\"><span style=\"color: #000000;\">El pago se hace por adelantado, y siempre entregamos una garant\u00eda de satisfacci\u00f3n por escrito.<\/span><\/span><\/p>\n<p>[\/vc_toggle][vc_toggle title=\u00bb\u00bfQu\u00e9 garant\u00eda tengo de que quedar\u00e9 satisfecho\/a del servicio?\u00bb open=\u00bbfalse\u00bb]<\/p>\n<p><span lang=\"CA\" style=\"font-family: 'Arial','sans-serif';\"><span style=\"color: #000000;\">En el momento de recibir el dinero acordado por el servicio, enviamos un compromiso de garant\u00eda por el que nos obligamos a devolver el dinero cobrado si el cliente no queda contento con el servicio. En todo caso, la satisfacci\u00f3n demostrada por decenas de personas a las que hemos acompa\u00f1ado en la revisi\u00f3n de sus finanzas personales nos avalan.<\/span><\/span><\/p>\n<p>[\/vc_toggle][vc_toggle title=\u00bb\u00bfCu\u00e1nto tardar\u00e9 en ver resultados?\u00bb open=\u00bbfalse\u00bb]<span lang=\"CA\" style=\"font-family: 'Arial','sans-serif';\"><span style=\"color: #000000;\">Los resultados comienzan a verse casi desde el primer momento. Ya en la misma recogida de datos suele ocurrir que los clientes van tomando conciencia de su situaci\u00f3n, y cada una de las fases que se suceden aporta elementos que ayudan a alcanzar los objetivos que se buscan.<\/span><\/span><\/p>\n<p>[\/vc_toggle][vc_toggle title=\u00bb\u00bfCu\u00e1nto tiempo tardar\u00e9 en tener vuestro an\u00e1lisis?\u00bb open=\u00bbfalse\u00bb]<\/p>\n<p><span lang=\"CA\" style=\"font-family: 'Arial','sans-serif';\"><span style=\"color: #000000;\">Una vez tenemos los datos necesarios, acostumbramos a programar la sesi\u00f3n de trabajo en una tiempo inferior a una semana.<\/span><\/span><\/p>\n<p>[\/vc_toggle][vc_toggle title=\u00bb\u00bfCu\u00e1ndo recupero la inversi\u00f3n?\u00bb open=\u00bbfalse\u00bb]<\/p>\n<p><span lang=\"CA\" style=\"font-family: 'Arial','sans-serif';\"><span style=\"color: #000000;\">La inversi\u00f3n se recupera muy r\u00e1pidamente, en t\u00e9rminos de la tranquilidad que da tener las cuentas personales controladas, o por el propio ahorro que en muchas ocasiones el an\u00e1lisis de la situaci\u00f3n genera.<\/span><\/span><\/p>\n<p>[\/vc_toggle][vc_toggle title=\u00bb\u00bfVuestras recomendaciones s\u00f3lo me servir\u00e1n para mi situaci\u00f3n actual?\u00bb open=\u00bbfalse\u00bb]<\/p>\n<p><span lang=\"CA\" style=\"font-family: 'Arial','sans-serif';\"><span style=\"color: #000000;\">El Coaching en econom\u00eda dom\u00e9stica suele hacer ver las finanzas personales de una manera diferente y, por tanto, sirve tanto para mejorar una situaci\u00f3n presente como eventuales cambios a nivel econ\u00f3mico que se puedan dar en el futuro.<\/span><\/span><\/p>\n<p>[\/vc_toggle][vc_toggle title=\u00bb\u00bfHay un seguimiento?\u00bb open=\u00bbfalse\u00bb]<\/p>\n<p><span lang=\"CA\" style=\"font-family: 'Arial','sans-serif';\"><span style=\"color: #000000;\">En acOnseguir consideramos el seguimiento como una opci\u00f3n muy recomendable que ya contemplamos a nuestra oferta de servicios. Muchas veces, cuando se toma conciencia de la situaci\u00f3n y se adoptan decisiones, cuesta romper la inercia de lo que se ha estado haciendo antes de darse cuenta de que hay otras maneras de gestionar las finanzas personales. El seguimiento ayuda a no desviarse de los objetivos marcados durante la sesi\u00f3n de trabajo.<\/span><\/span><\/p>\n<p>[\/vc_toggle][vc_toggle title=\u00bb\u00bfMe pod\u00e9is hacer factura?\u00bb open=\u00bbfalse\u00bb]<\/p>\n<p><span lang=\"CA\" style=\"font-family: 'Arial','sans-serif';\"><span style=\"color: #000000;\">S\u00ed, preparamos factura para todos los servicios que damos.<\/span><\/span><\/p>\n<p>[\/vc_toggle][vc_toggle title=\u00bb\u00bfPuedo hacerles consultas sobre productos financieros?\u00bb open=\u00bbfalse\u00bb]<\/p>\n<p><span lang=\"CA\" style=\"font-family: 'Arial','sans-serif';\"><span style=\"color: #000000;\">Dar respuesta independiente a consultas sobre productos financieros forma parte de nuestros servicios.<\/span><\/span><\/p>\n<p>[\/vc_toggle][\/vc_column][\/vc_row]<\/p>\n<\/div>","protected":false},"excerpt":{"rendered":"<p>[vc_row][vc_column width=\u00bb1\/1&#8243;][vc_toggle title=\u00bb\u00bfQu\u00e9 es el coaching financiero?\u00bb open=\u00bbtrue\u00bb] En acOnseguir entendemos el coaching financiero como un proceso en el que se aflora conciencia sobre la situaci\u00f3n econ\u00f3mica personal. A partir de esta conciencia, se toman decisiones responsables que deben llevar a alcanzar las metas financieras deseadas. Todo ello, acaba por potenciar la confianza de las&hellip;<\/p>\n","protected":false},"author":11,"featured_media":0,"parent":0,"menu_order":0,"comment_status":"closed","ping_status":"closed","template":"","meta":{"_joinchat":[],"footnotes":""},"hashtags":[],"yoast_head":"<!-- This site is optimized with the Yoast SEO plugin v24.4 - https:\/\/yoast.com\/wordpress\/plugins\/seo\/ -->\n<title>F.A.Q.<\/title>\n<meta name=\"description\" content=\"En acOnseguir entendemos el coaching financiero como un proceso en el que se aflora conciencia sobre la situaci\u00f3n econ\u00f3mica personal. A partir de esta\" \/>\n<meta name=\"robots\" content=\"index, follow, max-snippet:-1, max-image-preview:large, max-video-preview:-1\" \/>\n<link rel=\"canonical\" href=\"https:\/\/aconseguir.com\/es\/faq\/\" \/>\n<meta property=\"og:locale\" content=\"es_ES\" \/>\n<meta property=\"og:type\" content=\"article\" \/>\n<meta property=\"og:title\" content=\"F.A.Q.\" \/>\n<meta property=\"og:description\" content=\"En acOnseguir entendemos el coaching financiero como un proceso en el que se aflora conciencia sobre la situaci\u00f3n econ\u00f3mica personal. A partir de esta\" \/>\n<meta property=\"og:url\" content=\"https:\/\/aconseguir.com\/es\/faq\/\" \/>\n<meta property=\"og:site_name\" content=\"aconseguir.com\" \/>\n<meta property=\"article:publisher\" content=\"https:\/\/www.facebook.com\/acOnseguir\/\" \/>\n<meta property=\"article:modified_time\" content=\"2020-11-18T16:24:04+00:00\" \/>\n<meta property=\"og:image\" content=\"https:\/\/aconseguir.com\/wp-content\/uploads\/2023\/05\/asesor-finanzas-aconseguir.jpg\" \/>\n\t<meta property=\"og:image:width\" content=\"500\" \/>\n\t<meta property=\"og:image:height\" content=\"500\" \/>\n\t<meta property=\"og:image:type\" content=\"image\/jpeg\" \/>\n<meta name=\"twitter:card\" content=\"summary_large_image\" \/>\n<meta name=\"twitter:site\" content=\"@aconseguir_cat\" \/>\n<meta name=\"twitter:label1\" content=\"Tiempo de lectura\" \/>\n\t<meta name=\"twitter:data1\" content=\"4 minutos\" \/>\n<script type=\"application\/ld+json\" class=\"yoast-schema-graph\">{\"@context\":\"https:\/\/schema.org\",\"@graph\":[{\"@type\":\"WebPage\",\"@id\":\"https:\/\/aconseguir.com\/es\/faq\/\",\"url\":\"https:\/\/aconseguir.com\/es\/faq\/\",\"name\":\"F.A.Q.\",\"isPartOf\":{\"@id\":\"https:\/\/aconseguir.com\/es\/#website\"},\"datePublished\":\"2016-02-10T09:57:21+00:00\",\"dateModified\":\"2020-11-18T16:24:04+00:00\",\"description\":\"En acOnseguir entendemos el coaching financiero como un proceso en el que se aflora conciencia sobre la situaci\u00f3n econ\u00f3mica personal. A partir de esta\",\"inLanguage\":\"es\",\"potentialAction\":[{\"@type\":\"ReadAction\",\"target\":[\"https:\/\/aconseguir.com\/es\/faq\/\"]}]},{\"@type\":\"WebSite\",\"@id\":\"https:\/\/aconseguir.com\/es\/#website\",\"url\":\"https:\/\/aconseguir.com\/es\/\",\"name\":\"aconseguir.com\",\"description\":\"Otro sitio realizado con WordPress\",\"publisher\":{\"@id\":\"https:\/\/aconseguir.com\/es\/#organization\"},\"potentialAction\":[{\"@type\":\"SearchAction\",\"target\":{\"@type\":\"EntryPoint\",\"urlTemplate\":\"https:\/\/aconseguir.com\/es\/?s={search_term_string}\"},\"query-input\":{\"@type\":\"PropertyValueSpecification\",\"valueRequired\":true,\"valueName\":\"search_term_string\"}}],\"inLanguage\":\"es\"},{\"@type\":\"Organization\",\"@id\":\"https:\/\/aconseguir.com\/es\/#organization\",\"name\":\"acOnseguir\",\"url\":\"https:\/\/aconseguir.com\/es\/\",\"logo\":{\"@type\":\"ImageObject\",\"inLanguage\":\"es\",\"@id\":\"https:\/\/aconseguir.com\/es\/#\/schema\/logo\/image\/\",\"url\":\"https:\/\/aconseguir.com\/wp-content\/uploads\/2015\/05\/logo-aconseguir.png\",\"contentUrl\":\"https:\/\/aconseguir.com\/wp-content\/uploads\/2015\/05\/logo-aconseguir.png\",\"width\":260,\"height\":90,\"caption\":\"acOnseguir\"},\"image\":{\"@id\":\"https:\/\/aconseguir.com\/es\/#\/schema\/logo\/image\/\"},\"sameAs\":[\"https:\/\/www.facebook.com\/acOnseguir\/\",\"https:\/\/x.com\/aconseguir_cat\"]}]}<\/script>\n<!-- \/ Yoast SEO plugin. -->","yoast_head_json":{"title":"F.A.Q.","description":"En acOnseguir entendemos el coaching financiero como un proceso en el que se aflora conciencia sobre la situaci\u00f3n econ\u00f3mica personal. A partir de esta","robots":{"index":"index","follow":"follow","max-snippet":"max-snippet:-1","max-image-preview":"max-image-preview:large","max-video-preview":"max-video-preview:-1"},"canonical":"https:\/\/aconseguir.com\/es\/faq\/","og_locale":"es_ES","og_type":"article","og_title":"F.A.Q.","og_description":"En acOnseguir entendemos el coaching financiero como un proceso en el que se aflora conciencia sobre la situaci\u00f3n econ\u00f3mica personal. A partir de esta","og_url":"https:\/\/aconseguir.com\/es\/faq\/","og_site_name":"aconseguir.com","article_publisher":"https:\/\/www.facebook.com\/acOnseguir\/","article_modified_time":"2020-11-18T16:24:04+00:00","og_image":[{"width":500,"height":500,"url":"https:\/\/aconseguir.com\/wp-content\/uploads\/2023\/05\/asesor-finanzas-aconseguir.jpg","type":"image\/jpeg"}],"twitter_card":"summary_large_image","twitter_site":"@aconseguir_cat","twitter_misc":{"Tiempo de lectura":"4 minutos"},"schema":{"@context":"https:\/\/schema.org","@graph":[{"@type":"WebPage","@id":"https:\/\/aconseguir.com\/es\/faq\/","url":"https:\/\/aconseguir.com\/es\/faq\/","name":"F.A.Q.","isPartOf":{"@id":"https:\/\/aconseguir.com\/es\/#website"},"datePublished":"2016-02-10T09:57:21+00:00","dateModified":"2020-11-18T16:24:04+00:00","description":"En acOnseguir entendemos el coaching financiero como un proceso en el que se aflora conciencia sobre la situaci\u00f3n econ\u00f3mica personal. A partir de esta","inLanguage":"es","potentialAction":[{"@type":"ReadAction","target":["https:\/\/aconseguir.com\/es\/faq\/"]}]},{"@type":"WebSite","@id":"https:\/\/aconseguir.com\/es\/#website","url":"https:\/\/aconseguir.com\/es\/","name":"aconseguir.com","description":"Otro sitio realizado con WordPress","publisher":{"@id":"https:\/\/aconseguir.com\/es\/#organization"},"potentialAction":[{"@type":"SearchAction","target":{"@type":"EntryPoint","urlTemplate":"https:\/\/aconseguir.com\/es\/?s={search_term_string}"},"query-input":{"@type":"PropertyValueSpecification","valueRequired":true,"valueName":"search_term_string"}}],"inLanguage":"es"},{"@type":"Organization","@id":"https:\/\/aconseguir.com\/es\/#organization","name":"acOnseguir","url":"https:\/\/aconseguir.com\/es\/","logo":{"@type":"ImageObject","inLanguage":"es","@id":"https:\/\/aconseguir.com\/es\/#\/schema\/logo\/image\/","url":"https:\/\/aconseguir.com\/wp-content\/uploads\/2015\/05\/logo-aconseguir.png","contentUrl":"https:\/\/aconseguir.com\/wp-content\/uploads\/2015\/05\/logo-aconseguir.png","width":260,"height":90,"caption":"acOnseguir"},"image":{"@id":"https:\/\/aconseguir.com\/es\/#\/schema\/logo\/image\/"},"sameAs":["https:\/\/www.facebook.com\/acOnseguir\/","https:\/\/x.com\/aconseguir_cat"]}]}},"_links":{"self":[{"href":"https:\/\/aconseguir.com\/es\/wp-json\/wp\/v2\/pages\/1826"}],"collection":[{"href":"https:\/\/aconseguir.com\/es\/wp-json\/wp\/v2\/pages"}],"about":[{"href":"https:\/\/aconseguir.com\/es\/wp-json\/wp\/v2\/types\/page"}],"author":[{"embeddable":true,"href":"https:\/\/aconseguir.com\/es\/wp-json\/wp\/v2\/users\/11"}],"replies":[{"embeddable":true,"href":"https:\/\/aconseguir.com\/es\/wp-json\/wp\/v2\/comments?post=1826"}],"version-history":[{"count":6,"href":"https:\/\/aconseguir.com\/es\/wp-json\/wp\/v2\/pages\/1826\/revisions"}],"predecessor-version":[{"id":2869,"href":"https:\/\/aconseguir.com\/es\/wp-json\/wp\/v2\/pages\/1826\/revisions\/2869"}],"wp:attachment":[{"href":"https:\/\/aconseguir.com\/es\/wp-json\/wp\/v2\/media?parent=1826"}],"wp:term":[{"taxonomy":"hashtags","embeddable":true,"href":"https:\/\/aconseguir.com\/es\/wp-json\/wp\/v2\/hashtags?post=1826"}],"curies":[{"name":"wp","href":"https:\/\/api.w.org\/{rel}","templated":true}]}}