{"id":1210,"date":"2015-05-25T08:39:06","date_gmt":"2015-05-25T08:39:06","guid":{"rendered":"http:\/\/nouaconseguir.com.mialias.net\/serveis-financers-personals-2\/"},"modified":"2023-05-23T12:28:33","modified_gmt":"2023-05-23T10:28:33","slug":"servicios-financieros-personales","status":"publish","type":"page","link":"https:\/\/aconseguir.com\/es\/servicios-financieros-personales\/","title":{"rendered":"Servicios financieros personales"},"content":{"rendered":"<div class=\"wpb-content-wrapper\"><p>[vc_row][vc_column][vc_column_text]<\/p>\n<h3>Asesores imparciales para\u00a0<span class=\"vermell\">planificar correctamente nuestra econom\u00eda<\/span><\/h3>\n<p>En muchas ocasiones, el d\u00eda a d\u00eda no nos deja <strong>planificar correctamente<\/strong> nuestra econom\u00eda, y el entorno nos empuja a un consumo poco reflexivo, que a veces puede intentar esconder necesidades m\u00e1s profundas que est\u00e1n insatisfechas.<\/p>\n<p>Por otra parte, <strong>el mundo financiero cada vez m\u00e1s complejo<\/strong>, las entidades bancarias ofrecen infinidad de productos, desconocemos si estos ayudan o no a nuestros objetivos, y no tenemos un asesor imparcial donde ir a preguntar.[\/vc_column_text][\/vc_column][\/vc_row][vc_row css=\u00bb.vc_custom_1433933345516{background-position: center !important;background-repeat: no-repeat !important;background-size: cover !important;}\u00bb el_class=\u00bbbox-serveis\u00bb][vc_column el_class=\u00bbservice_columnes\u00bb][vc_row_inner][vc_column_inner][vc_column_text]<\/p>\n<hr \/>\n<h3 class=\"widget-title\">NUESTROS SERVICIOS FINANCIEROS PERSONALES<\/h3>\n<p>[\/vc_column_text][\/vc_column_inner][\/vc_row_inner][vc_row_inner css=\u00bb.vc_custom_1433934062929{margin-top: 35px !important;}\u00bb][vc_column_inner el_class=\u00bbservice-columna\u00bb width=\u00bb1\/3&#8243;][vc_column_text css=\u00bb.vc_custom_1544472668958{padding-top: 15px !important;padding-right: 15px !important;padding-bottom: 15px !important;padding-left: 15px !important;}\u00bb]<\/p>\n<h3 style=\"text-align: center;\">Controla eficientemente la econom\u00eda de tu casa<\/h3>\n<p>[\/vc_column_text][\/vc_column_inner][vc_column_inner el_class=\u00bbservice-columna\u00bb width=\u00bb1\/3&#8243;][vc_column_text css=\u00bb.vc_custom_1544472839350{padding-top: 15px !important;padding-right: 15px !important;padding-bottom: 15px !important;padding-left: 15px !important;}\u00bb]<\/p>\n<h3 style=\"text-align: center;\">Entiende las finanzas de tu negocio<\/h3>\n<p>[\/vc_column_text][\/vc_column_inner][vc_column_inner el_class=\u00bbservice-columna\u00bb width=\u00bb1\/3&#8243;][vc_column_text css=\u00bb.vc_custom_1544461520872{padding-top: 15px !important;padding-right: 15px !important;padding-bottom: 15px !important;padding-left: 15px !important;}\u00bb]<\/p>\n<h3 style=\"text-align: center;\">Lucha por las mejores condiciones bancarias<\/h3>\n<p>[\/vc_column_text][\/vc_column_inner][\/vc_row_inner][vc_row_inner equal_height=\u00bbyes\u00bb gap=\u00bb20&#8243;][vc_column_inner width=\u00bb1\/3&#8243; css=\u00bb.vc_custom_1684837052487{border-top-width: 1px !important;border-right-width: 1px !important;border-bottom-width: 1px !important;border-left-width: 1px !important;padding-bottom: 20px !important;background-color: #ffffff !important;border-left-color: #ab192e !important;border-left-style: solid !important;border-right-color: #ab192e !important;border-right-style: solid !important;border-top-color: #ab192e !important;border-top-style: solid !important;border-bottom-color: #ab192e !important;border-bottom-style: solid !important;border-radius: 10px !important;}\u00bb][vc_single_image image=\u00bb1102&#8243; img_size=\u00bbfull\u00bb alignment=\u00bbcenter\u00bb el_class=\u00bbservei\u00bb][vc_column_text css=\u00bb.vc_custom_1684837658707{background-color: #ffffff !important;}\u00bb]<\/p>\n<h4 style=\"text-align: center;\"><a href=\"https:\/\/aconseguir.com\/es\/servicios-financieros-personales\/coaching-en-economia-domestica\/\">Coaching en econom\u00eda<br \/>\ndom\u00e9stica<\/a><\/h4>\n<p>[\/vc_column_text][vc_empty_space height=\u00bb50px\u00bb][vc_column_text css=\u00bb.vc_custom_1684774782142{background-color: #ffffff !important;}\u00bb]<\/p>\n<p style=\"text-align: center;\">\u00bfTe interesa planificar eficientemente tus finanzas y no sabes por d\u00f3nde empezar?<\/p>\n<p>[\/vc_column_text][vc_empty_space height=\u00bb50px\u00bb]<style type=\"text\/css\" data-type=\"the7_shortcodes-inline-css\">#default-btn-c5a0c6a0dd0a64f8b5ec36d66ddeb10c {\n  border-radius: 5px;\n  font-size: 14px;\n  line-height: 16px;\n}\n.btn-shadow#default-btn-c5a0c6a0dd0a64f8b5ec36d66ddeb10c {\n  box-shadow: 0 1px 6px rgba(0,0,0,0.12);\n  transition: box-shadow 0.2s ease-out, opacity 0.45s;\n}\n.btn-shadow#default-btn-c5a0c6a0dd0a64f8b5ec36d66ddeb10c:hover {\n  box-shadow: 0 5px 11px 0 rgba(0,0,0,0.18), 0 4px 15px 0 rgba(0,0,0,0.15);\n}\n.btn-3d#default-btn-c5a0c6a0dd0a64f8b5ec36d66ddeb10c {\n  box-shadow: 0px 2px 0px 0px #681f29;\n}\n.btn-3d#default-btn-c5a0c6a0dd0a64f8b5ec36d66ddeb10c:hover {\n  box-shadow: 0px 2px 0px 0px #e0e0e0;\n}\n.btn-flat#default-btn-c5a0c6a0dd0a64f8b5ec36d66ddeb10c {\n  box-shadow: none;\n}\n.btn-flat#default-btn-c5a0c6a0dd0a64f8b5ec36d66ddeb10c:hover {\n  box-shadow: none;\n}\n#default-btn-c5a0c6a0dd0a64f8b5ec36d66ddeb10c.ico-right-side > i {\n  margin-right: 0px;\n  margin-left: 8px;\n}\n#default-btn-c5a0c6a0dd0a64f8b5ec36d66ddeb10c > i {\n  margin-right: 8px;\n  font-size: 12px;\n}\n#default-btn-c5a0c6a0dd0a64f8b5ec36d66ddeb10c:not(:hover) {\n  border-width: 0px;\n  color: #ffffff;\n  background: #ab192e !important;\n  padding: 13px 19px 13px 19px;\n}\n#default-btn-c5a0c6a0dd0a64f8b5ec36d66ddeb10c:not(:hover) * {\n  color: #ffffff;\n}\n#default-btn-c5a0c6a0dd0a64f8b5ec36d66ddeb10c:hover {\n  border-width: 1px;\n  border-color: #ab192e !important;\n  color: #ab192e;\n  background: #ffffff !important;\n  padding: 12px 18px 12px 18px;\n}\n#default-btn-c5a0c6a0dd0a64f8b5ec36d66ddeb10c:hover * {\n  color: #ab192e;\n}\n#default-btn-c5a0c6a0dd0a64f8b5ec36d66ddeb10c.ico-right-side > i {\n  margin-right: 0px;\n  margin-left: 8px;\n}\n#default-btn-c5a0c6a0dd0a64f8b5ec36d66ddeb10c > i {\n  margin-right: 8px;\n}\n<\/style><div class=\"btn-align-center\"><a href=\"https:\/\/aconseguir.com\/es\/servicios-financieros-personales\/coaching-en-economia-domestica\/\" class=\"default-btn-shortcode dt-btn link-hover-off full-width-btn btn-flat \" id=\"default-btn-c5a0c6a0dd0a64f8b5ec36d66ddeb10c\" title=\"Coaching en econom\u00eda dom\u00e9stica\"><span>Ver<\/span><\/a><\/div>[\/vc_column_inner][vc_column_inner width=\u00bb1\/3&#8243; css=\u00bb.vc_custom_1684837066178{border-top-width: 1px !important;border-right-width: 1px !important;border-bottom-width: 1px !important;border-left-width: 1px !important;padding-bottom: 20px !important;background-color: #ffffff !important;border-left-color: #ab192e !important;border-left-style: solid !important;border-right-color: #ab192e !important;border-right-style: solid !important;border-top-color: #ab192e !important;border-top-style: solid !important;border-bottom-color: #ab192e !important;border-bottom-style: solid !important;border-radius: 10px !important;}\u00bb][vc_single_image image=\u00bb3496&#8243; img_size=\u00bbfull\u00bb alignment=\u00bbcenter\u00bb el_class=\u00bbservei\u00bb][vc_column_text]<\/p>\n<h4 style=\"text-align: center;\"><a href=\"https:\/\/aconseguir.com\/es\/servicios-financieros-personales\/asesoramiento-financiero-autonomos\/\">Asesoramiento financiero para aut\u00f3nomos<\/a><\/h4>\n<p>[\/vc_column_text][vc_empty_space height=\u00bb50px\u00bb][vc_column_text]<\/p>\n<p style=\"text-align: center;\">\u00bfTienes un negocio y buscas ayuda experta en tus decisiones financieras?<\/p>\n<p>[\/vc_column_text][vc_empty_space height=\u00bb50px\u00bb]<style type=\"text\/css\" data-type=\"the7_shortcodes-inline-css\">#default-btn-fbdf1a81b98a473a33d1415d33322e1b {\n  border-radius: 5px;\n  font-size: 14px;\n  line-height: 16px;\n}\n.btn-shadow#default-btn-fbdf1a81b98a473a33d1415d33322e1b {\n  box-shadow: 0 1px 6px rgba(0,0,0,0.12);\n  transition: box-shadow 0.2s ease-out, opacity 0.45s;\n}\n.btn-shadow#default-btn-fbdf1a81b98a473a33d1415d33322e1b:hover {\n  box-shadow: 0 5px 11px 0 rgba(0,0,0,0.18), 0 4px 15px 0 rgba(0,0,0,0.15);\n}\n.btn-3d#default-btn-fbdf1a81b98a473a33d1415d33322e1b {\n  box-shadow: 0px 2px 0px 0px #681f29;\n}\n.btn-3d#default-btn-fbdf1a81b98a473a33d1415d33322e1b:hover {\n  box-shadow: 0px 2px 0px 0px #e0e0e0;\n}\n.btn-flat#default-btn-fbdf1a81b98a473a33d1415d33322e1b {\n  box-shadow: none;\n}\n.btn-flat#default-btn-fbdf1a81b98a473a33d1415d33322e1b:hover {\n  box-shadow: none;\n}\n#default-btn-fbdf1a81b98a473a33d1415d33322e1b.ico-right-side > i {\n  margin-right: 0px;\n  margin-left: 8px;\n}\n#default-btn-fbdf1a81b98a473a33d1415d33322e1b > i {\n  margin-right: 8px;\n  font-size: 12px;\n}\n#default-btn-fbdf1a81b98a473a33d1415d33322e1b:not(:hover) {\n  border-width: 0px;\n  color: #ffffff;\n  background: #ab192e !important;\n  padding: 13px 19px 13px 19px;\n}\n#default-btn-fbdf1a81b98a473a33d1415d33322e1b:not(:hover) * {\n  color: #ffffff;\n}\n#default-btn-fbdf1a81b98a473a33d1415d33322e1b:hover {\n  border-width: 1px;\n  border-color: #ab192e !important;\n  color: #ab192e;\n  background: #ffffff !important;\n  padding: 12px 18px 12px 18px;\n}\n#default-btn-fbdf1a81b98a473a33d1415d33322e1b:hover * {\n  color: #ab192e;\n}\n#default-btn-fbdf1a81b98a473a33d1415d33322e1b.ico-right-side > i {\n  margin-right: 0px;\n  margin-left: 8px;\n}\n#default-btn-fbdf1a81b98a473a33d1415d33322e1b > i {\n  margin-right: 8px;\n}\n<\/style><div class=\"btn-align-center\"><a href=\"https:\/\/aconseguir.com\/es\/servicios-financieros-personales\/asesoramiento-financiero-autonomos\/\" class=\"default-btn-shortcode dt-btn link-hover-off full-width-btn btn-flat \" id=\"default-btn-fbdf1a81b98a473a33d1415d33322e1b\" title=\"Asesoramiento financiero para aut\u00f3nomos\"><span>Ver<\/span><\/a><\/div>[\/vc_column_inner][vc_column_inner width=\u00bb1\/3&#8243; css=\u00bb.vc_custom_1684837075727{border-top-width: 1px !important;border-right-width: 1px !important;border-bottom-width: 1px !important;border-left-width: 1px !important;padding-bottom: 20px !important;background-color: #ffffff !important;border-left-color: #ab192e !important;border-left-style: solid !important;border-right-color: #ab192e !important;border-right-style: solid !important;border-top-color: #ab192e !important;border-top-style: solid !important;border-bottom-color: #ab192e !important;border-bottom-style: solid !important;border-radius: 10px !important;}\u00bb][vc_single_image image=\u00bb1096&#8243; img_size=\u00bbfull\u00bb alignment=\u00bbcenter\u00bb el_class=\u00bbservei\u00bb][vc_column_text]<\/p>\n<h4 style=\"text-align: center;\"><a href=\"https:\/\/aconseguir.com\/es\/servicios-financieros-personales\/intermediacion-con-entidades-bancarias\/\">Intermediaci\u00f3n con entidades bancarias<\/a><\/h4>\n<p>[\/vc_column_text][vc_empty_space height=\u00bb50px\u00bb][vc_column_text]<\/p>\n<div class=\"wpb_text_column wpb_content_element \">\n<div class=\"wpb_wrapper\">\n<p>\u00bfLos productos financieros que tienes est\u00e1n realmente en l\u00ednea con tus objetivos personales?<\/p>\n<\/div>\n<\/div>\n<p>[\/vc_column_text][vc_empty_space height=\u00bb50px\u00bb]<style type=\"text\/css\" data-type=\"the7_shortcodes-inline-css\">#default-btn-1f909a56f39a1525f2353d1c4d41ab9a {\n  border-radius: 5px;\n  font-size: 14px;\n  line-height: 16px;\n}\n.btn-shadow#default-btn-1f909a56f39a1525f2353d1c4d41ab9a {\n  box-shadow: 0 1px 6px rgba(0,0,0,0.12);\n  transition: box-shadow 0.2s ease-out, opacity 0.45s;\n}\n.btn-shadow#default-btn-1f909a56f39a1525f2353d1c4d41ab9a:hover {\n  box-shadow: 0 5px 11px 0 rgba(0,0,0,0.18), 0 4px 15px 0 rgba(0,0,0,0.15);\n}\n.btn-3d#default-btn-1f909a56f39a1525f2353d1c4d41ab9a {\n  box-shadow: 0px 2px 0px 0px #681f29;\n}\n.btn-3d#default-btn-1f909a56f39a1525f2353d1c4d41ab9a:hover {\n  box-shadow: 0px 2px 0px 0px #e0e0e0;\n}\n.btn-flat#default-btn-1f909a56f39a1525f2353d1c4d41ab9a {\n  box-shadow: none;\n}\n.btn-flat#default-btn-1f909a56f39a1525f2353d1c4d41ab9a:hover {\n  box-shadow: none;\n}\n#default-btn-1f909a56f39a1525f2353d1c4d41ab9a.ico-right-side > i {\n  margin-right: 0px;\n  margin-left: 8px;\n}\n#default-btn-1f909a56f39a1525f2353d1c4d41ab9a > i {\n  margin-right: 8px;\n  font-size: 12px;\n}\n#default-btn-1f909a56f39a1525f2353d1c4d41ab9a:not(:hover) {\n  border-width: 0px;\n  color: #ffffff;\n  background: #ab192e !important;\n  padding: 13px 19px 13px 19px;\n}\n#default-btn-1f909a56f39a1525f2353d1c4d41ab9a:not(:hover) * {\n  color: #ffffff;\n}\n#default-btn-1f909a56f39a1525f2353d1c4d41ab9a:hover {\n  border-width: 1px;\n  border-color: #ab192e !important;\n  color: #ab192e;\n  background: #ffffff !important;\n  padding: 12px 18px 12px 18px;\n}\n#default-btn-1f909a56f39a1525f2353d1c4d41ab9a:hover * {\n  color: #ab192e;\n}\n#default-btn-1f909a56f39a1525f2353d1c4d41ab9a.ico-right-side > i {\n  margin-right: 0px;\n  margin-left: 8px;\n}\n#default-btn-1f909a56f39a1525f2353d1c4d41ab9a > i {\n  margin-right: 8px;\n}\n<\/style><div class=\"btn-align-center\"><a href=\"https:\/\/aconseguir.com\/es\/servicios-financieros-personales\/intermediacion-con-entidades-bancarias\/\" class=\"default-btn-shortcode dt-btn link-hover-off full-width-btn btn-flat \" id=\"default-btn-1f909a56f39a1525f2353d1c4d41ab9a\" title=\"Intermediaci\u00f3n con entidades bancarias\"><span>Ver<\/span><\/a><\/div>[\/vc_column_inner][\/vc_row_inner][\/vc_column][\/vc_row][vc_row css=\u00bb.vc_custom_1544461676922{margin: 30px !important;}\u00bb][vc_column][vc_column_text]<\/p>\n<h3><strong>ac<span class=\"vermell\">O<\/span>nseguir<\/strong> pone a tu disposici\u00f3n diferentes servicios financieros personales adaptables a tus necesidades para ayudarte a:<\/h3>\n<ul>\n<li><strong><span class=\"vermell\">Analizar<\/span><\/strong>\u00a0los n\u00fameros de tu econom\u00eda<\/li>\n<li>Identificar gastos superfluos y <strong><span class=\"vermell\">adaptar tu estilo de vida a tus ingresos<\/span><\/strong><\/li>\n<li>Establecer criterios y objetivos con los que <strong><span class=\"vermell\">tomar decisiones econ\u00f3micas dom\u00e9sticas<\/span><\/strong><\/li>\n<li><strong><span class=\"vermell\">Planificar<\/span> correctamente<\/strong>\u00a0la econom\u00eda familiar<\/li>\n<li><strong>Saber <span class=\"vermell\">ahorrar\u00a0<\/span><\/strong>mejor<\/li>\n<li>Reeducar <strong>h\u00e1bitos de consumo perjudiciales<\/strong><\/li>\n<li>Dar coherencia a tus inversiones, <strong>ayud\u00e1ndote a entender los productos que te ofrecen las entidades financieras<\/strong><\/li>\n<\/ul>\n<h3 class=\"fons-gris\">Se trata, en definitiva, de coaching financiero,<br \/>\nde ayudarte a determinar hacia donde quieres ir,<br \/>\nde darte las herramientas para que t\u00fa tomes decisiones<br \/>\ny veas cu\u00e1l es el mejor camino a seguir.<\/h3>\n<p>[\/vc_column_text][\/vc_column][\/vc_row][vc_row][vc_column][vc_column_text]<a name=\"servicios-financieros-a-medida\"><\/a><\/p>\n<hr \/>\n<h3 style=\"font-size: 25px;\">SERVICIOS FINANCIEROS A MEDIDA<\/h3>\n<p><span style=\"color: #000000;\">Si necesitas un <strong>servicio financiero a medida<\/strong>, no dudes en consultarnos.\u00a0\u00a0<a class=\"btn btn-white\" href=\"https:\/\/aconseguir.com\/es\/contacto\/\">M\u00e1s informaci\u00f3n<\/a><\/span>[\/vc_column_text][\/vc_column][\/vc_row]<\/p>\n<\/div>","protected":false},"excerpt":{"rendered":"<p>[vc_row][vc_column][vc_column_text] Asesores imparciales para\u00a0planificar correctamente nuestra econom\u00eda En muchas ocasiones, el d\u00eda a d\u00eda no nos deja planificar correctamente nuestra econom\u00eda, y el entorno nos empuja a un consumo poco reflexivo, que a veces puede intentar esconder necesidades m\u00e1s profundas que est\u00e1n insatisfechas. Por otra parte, el mundo financiero cada vez m\u00e1s complejo, las entidades&hellip;<\/p>\n","protected":false},"author":11,"featured_media":0,"parent":0,"menu_order":0,"comment_status":"closed","ping_status":"open","template":"","meta":{"_joinchat":[],"footnotes":""},"hashtags":[],"yoast_head":"<!-- This site is optimized with the Yoast SEO plugin v24.4 - https:\/\/yoast.com\/wordpress\/plugins\/seo\/ -->\n<title>Servicios financieros personales para planificar tu econom\u00eda<\/title>\n<meta name=\"description\" content=\"Coaching financiero. Servicios financieros personales que te ayudar\u00e1n a planificar tu econom\u00eda. Servicios para particulares, aut\u00f3nomos y empresas.\" \/>\n<meta name=\"robots\" content=\"index, follow, max-snippet:-1, max-image-preview:large, max-video-preview:-1\" \/>\n<link rel=\"canonical\" href=\"https:\/\/aconseguir.com\/es\/servicios-financieros-personales\/\" \/>\n<meta property=\"og:locale\" content=\"es_ES\" \/>\n<meta property=\"og:type\" content=\"article\" \/>\n<meta property=\"og:title\" content=\"Servicios financieros personales para planificar tu econom\u00eda\" \/>\n<meta property=\"og:description\" content=\"Coaching financiero. Servicios financieros personales que te ayudar\u00e1n a planificar tu econom\u00eda. Servicios para particulares, aut\u00f3nomos y empresas.\" \/>\n<meta property=\"og:url\" content=\"https:\/\/aconseguir.com\/es\/servicios-financieros-personales\/\" \/>\n<meta property=\"og:site_name\" content=\"aconseguir.com\" \/>\n<meta property=\"article:publisher\" content=\"https:\/\/www.facebook.com\/acOnseguir\/\" \/>\n<meta property=\"article:modified_time\" content=\"2023-05-23T10:28:33+00:00\" \/>\n<meta property=\"og:image\" content=\"https:\/\/aconseguir.com\/wp-content\/uploads\/2023\/05\/asesor-finanzas-aconseguir.jpg\" \/>\n\t<meta property=\"og:image:width\" content=\"500\" \/>\n\t<meta property=\"og:image:height\" content=\"500\" \/>\n\t<meta property=\"og:image:type\" content=\"image\/jpeg\" \/>\n<meta name=\"twitter:card\" content=\"summary_large_image\" \/>\n<meta name=\"twitter:site\" content=\"@aconseguir_cat\" \/>\n<meta name=\"twitter:label1\" content=\"Tiempo de lectura\" \/>\n\t<meta name=\"twitter:data1\" content=\"3 minutos\" \/>\n<script type=\"application\/ld+json\" class=\"yoast-schema-graph\">{\"@context\":\"https:\/\/schema.org\",\"@graph\":[{\"@type\":\"WebPage\",\"@id\":\"https:\/\/aconseguir.com\/es\/servicios-financieros-personales\/\",\"url\":\"https:\/\/aconseguir.com\/es\/servicios-financieros-personales\/\",\"name\":\"Servicios financieros personales para planificar tu econom\u00eda\",\"isPartOf\":{\"@id\":\"https:\/\/aconseguir.com\/es\/#website\"},\"datePublished\":\"2015-05-25T08:39:06+00:00\",\"dateModified\":\"2023-05-23T10:28:33+00:00\",\"description\":\"Coaching financiero. Servicios financieros personales que te ayudar\u00e1n a planificar tu econom\u00eda. Servicios para particulares, aut\u00f3nomos y empresas.\",\"inLanguage\":\"es\",\"potentialAction\":[{\"@type\":\"ReadAction\",\"target\":[\"https:\/\/aconseguir.com\/es\/servicios-financieros-personales\/\"]}]},{\"@type\":\"WebSite\",\"@id\":\"https:\/\/aconseguir.com\/es\/#website\",\"url\":\"https:\/\/aconseguir.com\/es\/\",\"name\":\"aconseguir.com\",\"description\":\"Otro sitio realizado con WordPress\",\"publisher\":{\"@id\":\"https:\/\/aconseguir.com\/es\/#organization\"},\"potentialAction\":[{\"@type\":\"SearchAction\",\"target\":{\"@type\":\"EntryPoint\",\"urlTemplate\":\"https:\/\/aconseguir.com\/es\/?s={search_term_string}\"},\"query-input\":{\"@type\":\"PropertyValueSpecification\",\"valueRequired\":true,\"valueName\":\"search_term_string\"}}],\"inLanguage\":\"es\"},{\"@type\":\"Organization\",\"@id\":\"https:\/\/aconseguir.com\/es\/#organization\",\"name\":\"acOnseguir\",\"url\":\"https:\/\/aconseguir.com\/es\/\",\"logo\":{\"@type\":\"ImageObject\",\"inLanguage\":\"es\",\"@id\":\"https:\/\/aconseguir.com\/es\/#\/schema\/logo\/image\/\",\"url\":\"https:\/\/aconseguir.com\/wp-content\/uploads\/2015\/05\/logo-aconseguir.png\",\"contentUrl\":\"https:\/\/aconseguir.com\/wp-content\/uploads\/2015\/05\/logo-aconseguir.png\",\"width\":260,\"height\":90,\"caption\":\"acOnseguir\"},\"image\":{\"@id\":\"https:\/\/aconseguir.com\/es\/#\/schema\/logo\/image\/\"},\"sameAs\":[\"https:\/\/www.facebook.com\/acOnseguir\/\",\"https:\/\/x.com\/aconseguir_cat\"]}]}<\/script>\n<!-- \/ Yoast SEO plugin. -->","yoast_head_json":{"title":"Servicios financieros personales para planificar tu econom\u00eda","description":"Coaching financiero. Servicios financieros personales que te ayudar\u00e1n a planificar tu econom\u00eda. Servicios para particulares, aut\u00f3nomos y empresas.","robots":{"index":"index","follow":"follow","max-snippet":"max-snippet:-1","max-image-preview":"max-image-preview:large","max-video-preview":"max-video-preview:-1"},"canonical":"https:\/\/aconseguir.com\/es\/servicios-financieros-personales\/","og_locale":"es_ES","og_type":"article","og_title":"Servicios financieros personales para planificar tu econom\u00eda","og_description":"Coaching financiero. Servicios financieros personales que te ayudar\u00e1n a planificar tu econom\u00eda. Servicios para particulares, aut\u00f3nomos y empresas.","og_url":"https:\/\/aconseguir.com\/es\/servicios-financieros-personales\/","og_site_name":"aconseguir.com","article_publisher":"https:\/\/www.facebook.com\/acOnseguir\/","article_modified_time":"2023-05-23T10:28:33+00:00","og_image":[{"width":500,"height":500,"url":"https:\/\/aconseguir.com\/wp-content\/uploads\/2023\/05\/asesor-finanzas-aconseguir.jpg","type":"image\/jpeg"}],"twitter_card":"summary_large_image","twitter_site":"@aconseguir_cat","twitter_misc":{"Tiempo de lectura":"3 minutos"},"schema":{"@context":"https:\/\/schema.org","@graph":[{"@type":"WebPage","@id":"https:\/\/aconseguir.com\/es\/servicios-financieros-personales\/","url":"https:\/\/aconseguir.com\/es\/servicios-financieros-personales\/","name":"Servicios financieros personales para planificar tu econom\u00eda","isPartOf":{"@id":"https:\/\/aconseguir.com\/es\/#website"},"datePublished":"2015-05-25T08:39:06+00:00","dateModified":"2023-05-23T10:28:33+00:00","description":"Coaching financiero. Servicios financieros personales que te ayudar\u00e1n a planificar tu econom\u00eda. Servicios para particulares, aut\u00f3nomos y empresas.","inLanguage":"es","potentialAction":[{"@type":"ReadAction","target":["https:\/\/aconseguir.com\/es\/servicios-financieros-personales\/"]}]},{"@type":"WebSite","@id":"https:\/\/aconseguir.com\/es\/#website","url":"https:\/\/aconseguir.com\/es\/","name":"aconseguir.com","description":"Otro sitio realizado con WordPress","publisher":{"@id":"https:\/\/aconseguir.com\/es\/#organization"},"potentialAction":[{"@type":"SearchAction","target":{"@type":"EntryPoint","urlTemplate":"https:\/\/aconseguir.com\/es\/?s={search_term_string}"},"query-input":{"@type":"PropertyValueSpecification","valueRequired":true,"valueName":"search_term_string"}}],"inLanguage":"es"},{"@type":"Organization","@id":"https:\/\/aconseguir.com\/es\/#organization","name":"acOnseguir","url":"https:\/\/aconseguir.com\/es\/","logo":{"@type":"ImageObject","inLanguage":"es","@id":"https:\/\/aconseguir.com\/es\/#\/schema\/logo\/image\/","url":"https:\/\/aconseguir.com\/wp-content\/uploads\/2015\/05\/logo-aconseguir.png","contentUrl":"https:\/\/aconseguir.com\/wp-content\/uploads\/2015\/05\/logo-aconseguir.png","width":260,"height":90,"caption":"acOnseguir"},"image":{"@id":"https:\/\/aconseguir.com\/es\/#\/schema\/logo\/image\/"},"sameAs":["https:\/\/www.facebook.com\/acOnseguir\/","https:\/\/x.com\/aconseguir_cat"]}]}},"_links":{"self":[{"href":"https:\/\/aconseguir.com\/es\/wp-json\/wp\/v2\/pages\/1210"}],"collection":[{"href":"https:\/\/aconseguir.com\/es\/wp-json\/wp\/v2\/pages"}],"about":[{"href":"https:\/\/aconseguir.com\/es\/wp-json\/wp\/v2\/types\/page"}],"author":[{"embeddable":true,"href":"https:\/\/aconseguir.com\/es\/wp-json\/wp\/v2\/users\/11"}],"replies":[{"embeddable":true,"href":"https:\/\/aconseguir.com\/es\/wp-json\/wp\/v2\/comments?post=1210"}],"version-history":[{"count":15,"href":"https:\/\/aconseguir.com\/es\/wp-json\/wp\/v2\/pages\/1210\/revisions"}],"predecessor-version":[{"id":5993,"href":"https:\/\/aconseguir.com\/es\/wp-json\/wp\/v2\/pages\/1210\/revisions\/5993"}],"wp:attachment":[{"href":"https:\/\/aconseguir.com\/es\/wp-json\/wp\/v2\/media?parent=1210"}],"wp:term":[{"taxonomy":"hashtags","embeddable":true,"href":"https:\/\/aconseguir.com\/es\/wp-json\/wp\/v2\/hashtags?post=1210"}],"curies":[{"name":"wp","href":"https:\/\/api.w.org\/{rel}","templated":true}]}}