{"id":1204,"date":"2015-06-04T09:52:02","date_gmt":"2015-06-04T09:52:02","guid":{"rendered":"http:\/\/nouaconseguir.com.mialias.net\/opinions-2\/"},"modified":"2023-05-22T16:48:18","modified_gmt":"2023-05-22T14:48:18","slug":"testimonios","status":"publish","type":"page","link":"https:\/\/aconseguir.com\/es\/testimonios\/","title":{"rendered":"Testimonios"},"content":{"rendered":"<div class=\"wpb-content-wrapper\"><p>[vc_row][vc_column][vc_column_text]<\/p>\n<p>En\u00a0acOnseguir\u00a0somos conscientes de que\u00a0 recogemos informaci\u00f3n muy sensible de nuestros clientes. Por\u00a0este motivo,\u00a0s\u00f3lo figuran las iniciales\u00a0y lugar de residencia de los testimonios que\u00a0aparecen\u00a0a continuaci\u00f3n.<\/p>\n<p>[\/vc_column_text][\/vc_column][\/vc_row][vc_row][vc_column]<style type=\"text\/css\" data-type=\"the7_shortcodes-inline-css\">.dt-testimonials-shortcode.testimonials-masonry-shortcode-id-8ea02b7c79a533ebbc9a02d4f0f8e8c1 .testimonial-item {\n  padding: 30px 30px 20px 30px;\n}\n.dt-testimonials-shortcode.testimonials-masonry-shortcode-id-8ea02b7c79a533ebbc9a02d4f0f8e8c1 .testimonial-name,\n.dt-testimonials-shortcode.testimonials-masonry-shortcode-id-8ea02b7c79a533ebbc9a02d4f0f8e8c1 .testimonial-name a,\n.dt-testimonials-shortcode.testimonials-masonry-shortcode-id-8ea02b7c79a533ebbc9a02d4f0f8e8c1 .testimonial-name span {\n  margin-bottom: 0px;\n  font-weight: bold;\n}\n.dt-testimonials-shortcode.testimonials-masonry-shortcode-id-8ea02b7c79a533ebbc9a02d4f0f8e8c1 .testimonial-position {\n  margin-bottom: 20px;\n}\n.dt-testimonials-shortcode.testimonials-masonry-shortcode-id-8ea02b7c79a533ebbc9a02d4f0f8e8c1 .testimonial-position,\n.dt-testimonials-shortcode.testimonials-masonry-shortcode-id-8ea02b7c79a533ebbc9a02d4f0f8e8c1 .testimonial-position span {\n  font-weight: bold;\n}\n.dt-testimonials-shortcode.testimonials-masonry-shortcode-id-8ea02b7c79a533ebbc9a02d4f0f8e8c1  .testimonial-avatar {\n  padding: 0px 20px 20px 0px;\n}\n.dt-testimonials-shortcode.testimonials-masonry-shortcode-id-8ea02b7c79a533ebbc9a02d4f0f8e8c1  .testimonial-avatar a,\n.dt-testimonials-shortcode.testimonials-masonry-shortcode-id-8ea02b7c79a533ebbc9a02d4f0f8e8c1  .testimonial-avatar span,\n.dt-testimonials-shortcode.testimonials-masonry-shortcode-id-8ea02b7c79a533ebbc9a02d4f0f8e8c1  .testimonial-avatar img {\n  max-width: 80px;\n}\n.dt-testimonials-shortcode.testimonials-masonry-shortcode-id-8ea02b7c79a533ebbc9a02d4f0f8e8c1 .dt-css-grid .testimonial-avatar img,\n.dt-testimonials-shortcode.testimonials-masonry-shortcode-id-8ea02b7c79a533ebbc9a02d4f0f8e8c1 .dt-css-grid .testimonial-avatar svg {\n  max-width: 100%;\n}\n.dt-testimonials-shortcode.testimonials-masonry-shortcode-id-8ea02b7c79a533ebbc9a02d4f0f8e8c1.layout-5:not(.hide-testimonial-avatar) .content-wrap,\n.dt-testimonials-shortcode.testimonials-masonry-shortcode-id-8ea02b7c79a533ebbc9a02d4f0f8e8c1.layout-6:not(.hide-testimonial-avatar) .content-wrap {\n  width: calc(100% - 80px - 20px - 0px);\n}\n.dt-testimonials-shortcode.testimonials-masonry-shortcode-id-8ea02b7c79a533ebbc9a02d4f0f8e8c1 .testimonial-content {\n  margin-bottom: 0px;\n}\n.dt-testimonials-shortcode.testimonials-masonry-shortcode-id-8ea02b7c79a533ebbc9a02d4f0f8e8c1  .testimonial-avatar,\n.dt-testimonials-shortcode.testimonials-masonry-shortcode-id-8ea02b7c79a533ebbc9a02d4f0f8e8c1  .testimonial-avatar a.rollover,\n.dt-testimonials-shortcode.testimonials-masonry-shortcode-id-8ea02b7c79a533ebbc9a02d4f0f8e8c1  .testimonial-avatar a.rollover *,\n.dt-testimonials-shortcode.testimonials-masonry-shortcode-id-8ea02b7c79a533ebbc9a02d4f0f8e8c1  .testimonial-avatar img,\n.dt-testimonials-shortcode.testimonials-masonry-shortcode-id-8ea02b7c79a533ebbc9a02d4f0f8e8c1  .testimonial-avatar .no-avatar,\n.dt-testimonials-shortcode.testimonials-masonry-shortcode-id-8ea02b7c79a533ebbc9a02d4f0f8e8c1  .testim-no-avatar {\n  border-radius: 0px;\n}\n.dt-testimonials-shortcode.testimonials-masonry-shortcode-id-8ea02b7c79a533ebbc9a02d4f0f8e8c1  .testimonial-avatar .no-avatar {\n  height: 80px;\n}\n.dt-testimonials-shortcode.testimonials-masonry-shortcode-id-8ea02b7c79a533ebbc9a02d4f0f8e8c1  .testimonial-avatar .no-avatar {\n  font-size: 80px;\n  width: 80px;\n}\n.dt-testimonials-shortcode.testimonials-masonry-shortcode-id-8ea02b7c79a533ebbc9a02d4f0f8e8c1 .filter-bg-decoration .filter-categories a.act {\n  color: #fff;\n}\n.dt-testimonials-shortcode.testimonials-masonry-shortcode-id-8ea02b7c79a533ebbc9a02d4f0f8e8c1:not(.resize-by-browser-width) .dt-css-grid {\n  grid-row-gap: 30px;\n  grid-column-gap: 30px;\n  grid-template-columns: repeat(auto-fill,minmax(,1fr));\n}\n.cssgridlegacy.no-cssgrid .dt-testimonials-shortcode.testimonials-masonry-shortcode-id-8ea02b7c79a533ebbc9a02d4f0f8e8c1:not(.resize-by-browser-width) .dt-css-grid,\n.no-cssgridlegacy.no-cssgrid .dt-testimonials-shortcode.testimonials-masonry-shortcode-id-8ea02b7c79a533ebbc9a02d4f0f8e8c1:not(.resize-by-browser-width) .dt-css-grid {\n  display: flex;\n  flex-flow: row wrap;\n  margin: -15px;\n}\n.cssgridlegacy.no-cssgrid .dt-testimonials-shortcode.testimonials-masonry-shortcode-id-8ea02b7c79a533ebbc9a02d4f0f8e8c1:not(.resize-by-browser-width) .dt-css-grid .wf-cell,\n.no-cssgridlegacy.no-cssgrid .dt-testimonials-shortcode.testimonials-masonry-shortcode-id-8ea02b7c79a533ebbc9a02d4f0f8e8c1:not(.resize-by-browser-width) .dt-css-grid .wf-cell {\n  flex: 1 0 ;\n  max-width: 100%;\n  padding: 15px;\n  box-sizing: border-box;\n}\n.dt-testimonials-shortcode.testimonials-masonry-shortcode-id-8ea02b7c79a533ebbc9a02d4f0f8e8c1.resize-by-browser-width .dt-css-grid {\n  grid-template-columns: repeat(2,1fr);\n  grid-template-rows: auto;\n  grid-column-gap: 30px;\n  grid-row-gap: 30px;\n}\n.cssgridlegacy.no-cssgrid .dt-testimonials-shortcode.testimonials-masonry-shortcode-id-8ea02b7c79a533ebbc9a02d4f0f8e8c1.resize-by-browser-width .dt-css-grid,\n.no-cssgridlegacy.no-cssgrid .dt-testimonials-shortcode.testimonials-masonry-shortcode-id-8ea02b7c79a533ebbc9a02d4f0f8e8c1.resize-by-browser-width .dt-css-grid {\n  margin: -15px;\n}\n.cssgridlegacy.no-cssgrid .dt-testimonials-shortcode.testimonials-masonry-shortcode-id-8ea02b7c79a533ebbc9a02d4f0f8e8c1.resize-by-browser-width .dt-css-grid .wf-cell,\n.no-cssgridlegacy.no-cssgrid .dt-testimonials-shortcode.testimonials-masonry-shortcode-id-8ea02b7c79a533ebbc9a02d4f0f8e8c1.resize-by-browser-width .dt-css-grid .wf-cell {\n  width: 50%;\n  padding: 15px;\n}\n@media screen and (max-width: 1199px) {\n  .dt-testimonials-shortcode.testimonials-masonry-shortcode-id-8ea02b7c79a533ebbc9a02d4f0f8e8c1.resize-by-browser-width .dt-css-grid {\n    grid-template-columns: repeat(2,1fr);\n  }\n  .cssgridlegacy.no-cssgrid .dt-testimonials-shortcode.testimonials-masonry-shortcode-id-8ea02b7c79a533ebbc9a02d4f0f8e8c1.resize-by-browser-width .dt-css-grid .wf-cell,\n  .no-cssgridlegacy.no-cssgrid .dt-testimonials-shortcode.testimonials-masonry-shortcode-id-8ea02b7c79a533ebbc9a02d4f0f8e8c1.resize-by-browser-width .dt-css-grid .wf-cell {\n    width: 50%;\n  }\n}\n@media screen and (max-width: 991px) {\n  .dt-testimonials-shortcode.testimonials-masonry-shortcode-id-8ea02b7c79a533ebbc9a02d4f0f8e8c1.resize-by-browser-width .dt-css-grid {\n    grid-template-columns: repeat(2,1fr);\n  }\n  .cssgridlegacy.no-cssgrid .dt-testimonials-shortcode.testimonials-masonry-shortcode-id-8ea02b7c79a533ebbc9a02d4f0f8e8c1.resize-by-browser-width .dt-css-grid .wf-cell,\n  .no-cssgridlegacy.no-cssgrid .dt-testimonials-shortcode.testimonials-masonry-shortcode-id-8ea02b7c79a533ebbc9a02d4f0f8e8c1.resize-by-browser-width .dt-css-grid .wf-cell {\n    width: 50%;\n  }\n}\n@media screen and (max-width: 767px) {\n  .dt-testimonials-shortcode.testimonials-masonry-shortcode-id-8ea02b7c79a533ebbc9a02d4f0f8e8c1.resize-by-browser-width .dt-css-grid {\n    grid-template-columns: repeat(1,1fr);\n  }\n  .cssgridlegacy.no-cssgrid .dt-testimonials-shortcode.testimonials-masonry-shortcode-id-8ea02b7c79a533ebbc9a02d4f0f8e8c1.resize-by-browser-width .dt-css-grid .wf-cell,\n  .no-cssgridlegacy.no-cssgrid .dt-testimonials-shortcode.testimonials-masonry-shortcode-id-8ea02b7c79a533ebbc9a02d4f0f8e8c1.resize-by-browser-width .dt-css-grid .wf-cell {\n    width: 100%;\n  }\n}\n<\/style><div class=\"dt-testimonials-masonry-shortcode dt-testimonials-shortcode testimonials-masonry-shortcode-id-8ea02b7c79a533ebbc9a02d4f0f8e8c1 loading-effect-none content-align-left mode-grid content-bg-off layout-3 hide-testimonial-avatar hide-testimonial-position scale-img dt-css-grid-wrap jquery-filter dt-css-grid-wrap resize-by-browser-width  \" data-padding=\"15px\" data-cur-page=\"1\" data-post-limit=\"-1\" data-pagination-mode=\"none\" data-desktop-columns-num=\"2\" data-v-tablet-columns-num=\"2\" data-h-tablet-columns-num=\"2\" data-phone-columns-num=\"1\" data-width=\"0px\" data-columns=\"0\"><div class=\"dt-css-grid\" ><div class=\"visible wf-cell\" data-post-id=\"5872\" data-date=\"2023-05-22T16:09:27+02:00\" data-name=\"C.V., Barcelona\"><div class=\"testimonial-item post visible\"><div class=\"testimonial-author\"><div class=\"testimonial-vcard\"><div class=\"testimonial-name\"><span class=\"text-primary\">C.V., Barcelona<\/span><br \/><\/div><div class=\"testimonial-position\"><\/div><\/div><\/div><div class=\"testimonial-content\"><p>El servicio me ha aportado mucha claridad y objetividad para poder tomar una decisi\u00f3n respecto a si me lanzaba o no a un proyecto empresarial. As\u00ed que he podido tomar la decisi\u00f3n m\u00e1s all\u00e1 de la parte emocional que me dec\u00eda que s\u00ed, ahora tengo los n\u00fameros muy claros. Os recomiendo porque sois profesionales, se nota que os gusta vuestro trabajo y sab\u00e9is c\u00f3mo explicar los n\u00fameros de una manera sencilla para que el resto de mortales lo entendamos. Y si es necesario, repetirlo las veces que haga falta.<\/p>\n<\/div><\/div><\/div><div class=\"visible wf-cell\" data-post-id=\"5871\" data-date=\"2023-05-22T16:08:39+02:00\" data-name=\"R.C., San Sebastian\"><div class=\"testimonial-item post visible\"><div class=\"testimonial-author\"><div class=\"testimonial-vcard\"><div class=\"testimonial-name\"><span class=\"text-primary\">R.C., San Sebastian<\/span><br \/><\/div><div class=\"testimonial-position\"><\/div><\/div><\/div><div class=\"testimonial-content\"><p>Lo que valoro m\u00e1s del servicio que acOnseguir nos ha dado es la imparcialidad, y tambi\u00e9n que por fin he sido capaz de entender qu\u00e9 productos financieros son adecuados para m\u00ed, y cu\u00e1les no lo son.<\/p>\n<\/div><\/div><\/div><div class=\"visible wf-cell\" data-post-id=\"5869\" data-date=\"2023-05-22T16:07:48+02:00\" data-name=\"F.Z., Canarias\"><div class=\"testimonial-item post visible\"><div class=\"testimonial-author\"><div class=\"testimonial-vcard\"><div class=\"testimonial-name\"><span class=\"text-primary\">F.Z., Canarias<\/span><br \/><\/div><div class=\"testimonial-position\"><\/div><\/div><\/div><div class=\"testimonial-content\"><p>El dinero que he pagado por los servicios de acOnseguir han sido una de las mejores inversiones que he hecho nunca. Una vez has hablado con Eduard tienes muy claro qu\u00e9 hay que cambiar para que el dinero funcionen. Estoy satisfecho de tener una gran sensaci\u00f3n de control del mis n\u00fameros.<\/p>\n<\/div><\/div><\/div><div class=\"visible wf-cell\" data-post-id=\"5868\" data-date=\"2023-05-22T16:07:01+02:00\" data-name=\"J.C., Lleida\"><div class=\"testimonial-item post visible\"><div class=\"testimonial-author\"><div class=\"testimonial-vcard\"><div class=\"testimonial-name\"><span class=\"text-primary\">J.C., Lleida<\/span><br \/><\/div><div class=\"testimonial-position\"><\/div><\/div><\/div><div class=\"testimonial-content\"><p>Mi esposa y yo\u00a0est\u00e1bamos muy sorprendidos que con la cantidad de dinero que entraba en casa no lleg\u00e1ramos a fin de mes con comodidad y no fu\u00e9ramos capaces de ahorrar nada. Eduard nos ayud\u00f3 a darnos cuenta de que muchos de los gastos que ten\u00edamos no nos aportaban gran cosa de acuerdo con nuestras prioridades (por ejemplo gast\u00e1bamos m\u00e1s de 400 EUR mensuales en cenas, que hemos reducido a menos de la mitad ahora que tenemos objetivos claros de lo que queremos conseguir con el dinero).<\/p>\n<\/div><\/div><\/div><div class=\"visible wf-cell\" data-post-id=\"5867\" data-date=\"2023-05-22T16:05:42+02:00\" data-name=\"A.H., Barcelona\"><div class=\"testimonial-item post visible\"><div class=\"testimonial-author\"><div class=\"testimonial-vcard\"><div class=\"testimonial-name\"><span class=\"text-primary\">A.H., Barcelona<\/span><br \/><\/div><div class=\"testimonial-position\"><\/div><\/div><\/div><div class=\"testimonial-content\"><p>Nos pusimos en contacto con acOnseguir porque el piso se nos hab\u00eda hecho peque\u00f1o y dud\u00e1bamos si ir de alquiler o comprarnos uno nuevo. Durante la sesi\u00f3n con Eduard, hicimos resolver la duda, pero, sobre todo, aprendimos una nueva manera de estructurar nuestras finanzas.<\/p>\n<\/div><\/div><\/div><div class=\"visible wf-cell\" data-post-id=\"5866\" data-date=\"2023-05-22T16:03:52+02:00\" data-name=\"O.A., Terrassa\"><div class=\"testimonial-item post visible\"><div class=\"testimonial-author\"><div class=\"testimonial-vcard\"><div class=\"testimonial-name\"><span class=\"text-primary\">O.A., Terrassa<\/span><br \/><\/div><div class=\"testimonial-position\"><\/div><\/div><\/div><div class=\"testimonial-content\"><p>Yo estaba en una situaci\u00f3n en la que pagar las cuotas de los pr\u00e9stamos quedaba fuera de mis posibilidades. Gracias a acOnseguir llegu\u00e9 a un acuerdo con mi banco que antes de empezar parec\u00eda totalmente imposible.<\/p>\n<\/div><\/div><\/div><div class=\"visible wf-cell\" data-post-id=\"5865\" data-date=\"2023-05-22T16:03:03+02:00\" data-name=\"F.T., Valencia\"><div class=\"testimonial-item post visible\"><div class=\"testimonial-author\"><div class=\"testimonial-vcard\"><div class=\"testimonial-name\"><span class=\"text-primary\">F.T., Valencia<\/span><br \/><\/div><div class=\"testimonial-position\"><\/div><\/div><\/div><div class=\"testimonial-content\"><p>Gracias a acOnseguir vi que estaba demasiado endeudado, y que ten\u00eda que poner remedio a ello. Con su ayuda hice un plan, y durante\u00a0el pr\u00f3ximo a\u00f1o\u00a0ya no deber\u00e9 nada a los bancos. Tengo claro que devolver una deuda con pagos de intereses elevados es la mejor inversi\u00f3n, y, una vez est\u00e1s al d\u00eda, hay que dedicar una parte de los ingresos al ahorro.<\/p>\n<\/div><\/div><\/div><div class=\"visible wf-cell\" data-post-id=\"5864\" data-date=\"2023-05-22T16:02:35+02:00\" data-name=\"M.P., Madrid\"><div class=\"testimonial-item post visible\"><div class=\"testimonial-author\"><div class=\"testimonial-vcard\"><div class=\"testimonial-name\"><span class=\"text-primary\">M.P., Madrid<\/span><br \/><\/div><div class=\"testimonial-position\"><\/div><\/div><\/div><div class=\"testimonial-content\"><p>Eduard aporta mucho valor. Una vez le hice llegar mis datos econ\u00f3micos, la conversaci\u00f3n con \u00e9l v\u00eda telef\u00f3nica represent\u00f3 un espacio de reflexi\u00f3n en el que me di cuenta de que se pod\u00edan mejorar muchas cosas de una manera bastante sencilla.<\/p>\n<\/div><\/div><\/div><div class=\"visible wf-cell\" data-post-id=\"5863\" data-date=\"2023-05-22T16:01:48+02:00\" data-name=\"T.R., Barcelona\"><div class=\"testimonial-item post visible\"><div class=\"testimonial-author\"><div class=\"testimonial-vcard\"><div class=\"testimonial-name\"><span class=\"text-primary\">T.R., Barcelona<\/span><br \/><\/div><div class=\"testimonial-position\"><\/div><\/div><\/div><div class=\"testimonial-content\"><p>Si hay una palabra que defina el servicio de acOnseguir, esta es compromiso. Han estado a mi lado para que yo misma vea qu\u00e9 opciones tengo y c\u00f3mo ponerlas en marcha, y lo han hecho mientras los he necesitado.<\/p>\n<\/div><\/div><\/div><div class=\"visible wf-cell\" data-post-id=\"5862\" data-date=\"2023-05-22T16:01:18+02:00\" data-name=\"E.R., Barcelona\"><div class=\"testimonial-item post visible\"><div class=\"testimonial-author\"><div class=\"testimonial-vcard\"><div class=\"testimonial-name\"><span class=\"text-primary\">E.R., Barcelona<\/span><br \/><\/div><div class=\"testimonial-position\"><\/div><\/div><\/div><div class=\"testimonial-content\"><p>En momentos complicados de mi vida (debido a mi separaci\u00f3n), Eduard me ayud\u00f3 a estructurar mi econom\u00eda de acuerdo con la nueva situaci\u00f3n. Da mucha tranquilidad saber hasta d\u00f3nde puedes llegar con tus ingresos.<\/p>\n<\/div><\/div><\/div><div class=\"visible wf-cell\" data-post-id=\"5861\" data-date=\"2023-05-22T16:00:52+02:00\" data-name=\"T.M., Granollers\"><div class=\"testimonial-item post visible\"><div class=\"testimonial-author\"><div class=\"testimonial-vcard\"><div class=\"testimonial-name\"><span class=\"text-primary\">T.M., Granollers<\/span><br \/><\/div><div class=\"testimonial-position\"><\/div><\/div><\/div><div class=\"testimonial-content\"><p>En acOnseguir me han dado la posibilidad de compartir la desaz\u00f3n. La obligaci\u00f3n de hacer el esfuerzo de ordenar la informaci\u00f3n. Una lectura de la situaci\u00f3n desde la objetividad, sin implicaciones emocionales. La escucha respetuosa y la orientaci\u00f3n objetiva.<\/p>\n<\/div><\/div><\/div><div class=\"visible wf-cell\" data-post-id=\"5860\" data-date=\"2023-05-22T16:00:08+02:00\" data-name=\"M.L., Montcada (Barcelona)\"><div class=\"testimonial-item post visible\"><div class=\"testimonial-author\"><div class=\"testimonial-vcard\"><div class=\"testimonial-name\"><span class=\"text-primary\">M.L., Montcada (Barcelona)<\/span><br \/><\/div><div class=\"testimonial-position\"><\/div><\/div><\/div><div class=\"testimonial-content\"><p>Estamos en el buen camino. La informaci\u00f3n que hemos obtenido es muy importante para nosotros porque ha sido como el abrirnos los ojos y dejar de preocuparnos por ver qu\u00e9 hacer y siempre estar dudando si lo que hacemos est\u00e1 bien. Tenemos consciencia de lo que nuestras gestiones econ\u00f3micas anteriores nos han provocado y por ello lo hemos aceptado y tenemos claro lo que tenemos, por qu\u00e9 lo tenemos y c\u00f3mo podemos continuar.<\/p>\n<\/div><\/div><\/div><\/div><!-- iso-container|iso-grid --><\/div>[\/vc_column][\/vc_row]<\/p>\n<\/div>","protected":false},"excerpt":{"rendered":"<p>[vc_row][vc_column][vc_column_text] En\u00a0acOnseguir\u00a0somos conscientes de que\u00a0 recogemos informaci\u00f3n muy sensible de nuestros clientes. Por\u00a0este motivo,\u00a0s\u00f3lo figuran las iniciales\u00a0y lugar de residencia de los testimonios que\u00a0aparecen\u00a0a continuaci\u00f3n. [\/vc_column_text][\/vc_column][\/vc_row][vc_row][vc_column][\/vc_column][\/vc_row]<\/p>\n","protected":false},"author":11,"featured_media":0,"parent":0,"menu_order":0,"comment_status":"closed","ping_status":"closed","template":"","meta":{"_joinchat":[],"footnotes":""},"hashtags":[],"yoast_head":"<!-- This site is optimized with the Yoast SEO plugin v24.4 - https:\/\/yoast.com\/wordpress\/plugins\/seo\/ -->\n<title>Testimonios de clientes | acOnseguir<\/title>\n<meta name=\"description\" content=\"\u00bfQu\u00e9 opinan nuestros clientes? Consulta los testimonios y las opiniones de nuestros clientes\" \/>\n<meta name=\"robots\" content=\"index, follow, max-snippet:-1, max-image-preview:large, max-video-preview:-1\" \/>\n<link rel=\"canonical\" href=\"https:\/\/aconseguir.com\/es\/testimonios\/\" \/>\n<meta property=\"og:locale\" content=\"es_ES\" \/>\n<meta property=\"og:type\" content=\"article\" \/>\n<meta property=\"og:title\" content=\"Testimonios de clientes | acOnseguir\" \/>\n<meta property=\"og:description\" content=\"\u00bfQu\u00e9 opinan nuestros clientes? Consulta los testimonios y las opiniones de nuestros clientes\" \/>\n<meta property=\"og:url\" content=\"https:\/\/aconseguir.com\/es\/testimonios\/\" \/>\n<meta property=\"og:site_name\" content=\"aconseguir.com\" \/>\n<meta property=\"article:publisher\" content=\"https:\/\/www.facebook.com\/acOnseguir\/\" \/>\n<meta property=\"article:modified_time\" content=\"2023-05-22T14:48:18+00:00\" \/>\n<meta property=\"og:image\" content=\"https:\/\/aconseguir.com\/wp-content\/uploads\/2023\/05\/asesor-finanzas-aconseguir.jpg\" \/>\n\t<meta property=\"og:image:width\" content=\"500\" \/>\n\t<meta property=\"og:image:height\" content=\"500\" \/>\n\t<meta property=\"og:image:type\" content=\"image\/jpeg\" \/>\n<meta name=\"twitter:card\" content=\"summary_large_image\" \/>\n<meta name=\"twitter:site\" content=\"@aconseguir_cat\" \/>\n<meta name=\"twitter:label1\" content=\"Tiempo de lectura\" \/>\n\t<meta name=\"twitter:data1\" content=\"1 minuto\" \/>\n<script type=\"application\/ld+json\" class=\"yoast-schema-graph\">{\"@context\":\"https:\/\/schema.org\",\"@graph\":[{\"@type\":\"WebPage\",\"@id\":\"https:\/\/aconseguir.com\/es\/testimonios\/\",\"url\":\"https:\/\/aconseguir.com\/es\/testimonios\/\",\"name\":\"Testimonios de clientes | acOnseguir\",\"isPartOf\":{\"@id\":\"https:\/\/aconseguir.com\/es\/#website\"},\"datePublished\":\"2015-06-04T09:52:02+00:00\",\"dateModified\":\"2023-05-22T14:48:18+00:00\",\"description\":\"\u00bfQu\u00e9 opinan nuestros clientes? Consulta los testimonios y las opiniones de nuestros clientes\",\"inLanguage\":\"es\",\"potentialAction\":[{\"@type\":\"ReadAction\",\"target\":[\"https:\/\/aconseguir.com\/es\/testimonios\/\"]}]},{\"@type\":\"WebSite\",\"@id\":\"https:\/\/aconseguir.com\/es\/#website\",\"url\":\"https:\/\/aconseguir.com\/es\/\",\"name\":\"aconseguir.com\",\"description\":\"Otro sitio realizado con WordPress\",\"publisher\":{\"@id\":\"https:\/\/aconseguir.com\/es\/#organization\"},\"potentialAction\":[{\"@type\":\"SearchAction\",\"target\":{\"@type\":\"EntryPoint\",\"urlTemplate\":\"https:\/\/aconseguir.com\/es\/?s={search_term_string}\"},\"query-input\":{\"@type\":\"PropertyValueSpecification\",\"valueRequired\":true,\"valueName\":\"search_term_string\"}}],\"inLanguage\":\"es\"},{\"@type\":\"Organization\",\"@id\":\"https:\/\/aconseguir.com\/es\/#organization\",\"name\":\"acOnseguir\",\"url\":\"https:\/\/aconseguir.com\/es\/\",\"logo\":{\"@type\":\"ImageObject\",\"inLanguage\":\"es\",\"@id\":\"https:\/\/aconseguir.com\/es\/#\/schema\/logo\/image\/\",\"url\":\"https:\/\/aconseguir.com\/wp-content\/uploads\/2015\/05\/logo-aconseguir.png\",\"contentUrl\":\"https:\/\/aconseguir.com\/wp-content\/uploads\/2015\/05\/logo-aconseguir.png\",\"width\":260,\"height\":90,\"caption\":\"acOnseguir\"},\"image\":{\"@id\":\"https:\/\/aconseguir.com\/es\/#\/schema\/logo\/image\/\"},\"sameAs\":[\"https:\/\/www.facebook.com\/acOnseguir\/\",\"https:\/\/x.com\/aconseguir_cat\"]}]}<\/script>\n<!-- \/ Yoast SEO plugin. -->","yoast_head_json":{"title":"Testimonios de clientes | acOnseguir","description":"\u00bfQu\u00e9 opinan nuestros clientes? Consulta los testimonios y las opiniones de nuestros clientes","robots":{"index":"index","follow":"follow","max-snippet":"max-snippet:-1","max-image-preview":"max-image-preview:large","max-video-preview":"max-video-preview:-1"},"canonical":"https:\/\/aconseguir.com\/es\/testimonios\/","og_locale":"es_ES","og_type":"article","og_title":"Testimonios de clientes | acOnseguir","og_description":"\u00bfQu\u00e9 opinan nuestros clientes? Consulta los testimonios y las opiniones de nuestros clientes","og_url":"https:\/\/aconseguir.com\/es\/testimonios\/","og_site_name":"aconseguir.com","article_publisher":"https:\/\/www.facebook.com\/acOnseguir\/","article_modified_time":"2023-05-22T14:48:18+00:00","og_image":[{"width":500,"height":500,"url":"https:\/\/aconseguir.com\/wp-content\/uploads\/2023\/05\/asesor-finanzas-aconseguir.jpg","type":"image\/jpeg"}],"twitter_card":"summary_large_image","twitter_site":"@aconseguir_cat","twitter_misc":{"Tiempo de lectura":"1 minuto"},"schema":{"@context":"https:\/\/schema.org","@graph":[{"@type":"WebPage","@id":"https:\/\/aconseguir.com\/es\/testimonios\/","url":"https:\/\/aconseguir.com\/es\/testimonios\/","name":"Testimonios de clientes | acOnseguir","isPartOf":{"@id":"https:\/\/aconseguir.com\/es\/#website"},"datePublished":"2015-06-04T09:52:02+00:00","dateModified":"2023-05-22T14:48:18+00:00","description":"\u00bfQu\u00e9 opinan nuestros clientes? Consulta los testimonios y las opiniones de nuestros clientes","inLanguage":"es","potentialAction":[{"@type":"ReadAction","target":["https:\/\/aconseguir.com\/es\/testimonios\/"]}]},{"@type":"WebSite","@id":"https:\/\/aconseguir.com\/es\/#website","url":"https:\/\/aconseguir.com\/es\/","name":"aconseguir.com","description":"Otro sitio realizado con WordPress","publisher":{"@id":"https:\/\/aconseguir.com\/es\/#organization"},"potentialAction":[{"@type":"SearchAction","target":{"@type":"EntryPoint","urlTemplate":"https:\/\/aconseguir.com\/es\/?s={search_term_string}"},"query-input":{"@type":"PropertyValueSpecification","valueRequired":true,"valueName":"search_term_string"}}],"inLanguage":"es"},{"@type":"Organization","@id":"https:\/\/aconseguir.com\/es\/#organization","name":"acOnseguir","url":"https:\/\/aconseguir.com\/es\/","logo":{"@type":"ImageObject","inLanguage":"es","@id":"https:\/\/aconseguir.com\/es\/#\/schema\/logo\/image\/","url":"https:\/\/aconseguir.com\/wp-content\/uploads\/2015\/05\/logo-aconseguir.png","contentUrl":"https:\/\/aconseguir.com\/wp-content\/uploads\/2015\/05\/logo-aconseguir.png","width":260,"height":90,"caption":"acOnseguir"},"image":{"@id":"https:\/\/aconseguir.com\/es\/#\/schema\/logo\/image\/"},"sameAs":["https:\/\/www.facebook.com\/acOnseguir\/","https:\/\/x.com\/aconseguir_cat"]}]}},"_links":{"self":[{"href":"https:\/\/aconseguir.com\/es\/wp-json\/wp\/v2\/pages\/1204"}],"collection":[{"href":"https:\/\/aconseguir.com\/es\/wp-json\/wp\/v2\/pages"}],"about":[{"href":"https:\/\/aconseguir.com\/es\/wp-json\/wp\/v2\/types\/page"}],"author":[{"embeddable":true,"href":"https:\/\/aconseguir.com\/es\/wp-json\/wp\/v2\/users\/11"}],"replies":[{"embeddable":true,"href":"https:\/\/aconseguir.com\/es\/wp-json\/wp\/v2\/comments?post=1204"}],"version-history":[{"count":13,"href":"https:\/\/aconseguir.com\/es\/wp-json\/wp\/v2\/pages\/1204\/revisions"}],"predecessor-version":[{"id":5898,"href":"https:\/\/aconseguir.com\/es\/wp-json\/wp\/v2\/pages\/1204\/revisions\/5898"}],"wp:attachment":[{"href":"https:\/\/aconseguir.com\/es\/wp-json\/wp\/v2\/media?parent=1204"}],"wp:term":[{"taxonomy":"hashtags","embeddable":true,"href":"https:\/\/aconseguir.com\/es\/wp-json\/wp\/v2\/hashtags?post=1204"}],"curies":[{"name":"wp","href":"https:\/\/api.w.org\/{rel}","templated":true}]}}