{"id":1060,"date":"2015-05-25T08:39:46","date_gmt":"2015-05-25T08:39:46","guid":{"rendered":"http:\/\/nouaconseguir.com.mialias.net\/contacte-2\/"},"modified":"2020-11-18T16:24:03","modified_gmt":"2020-11-18T16:24:03","slug":"contacto","status":"publish","type":"page","link":"https:\/\/aconseguir.com\/es\/contacto\/","title":{"rendered":"Contacto"},"content":{"rendered":"<div class=\"wpb-content-wrapper\"><p>[vc_row][vc_column width=\u00bb1\/1&#8243;][vc_column_text]Por favor,\u00a0efect\u00faa\u00a0tu consulta\u00a0a trav\u00e9s de\u00a0este formulario,\u00a0e\u00a0ind\u00edcanos\u00a0en el asunto\u00a0la opci\u00f3n de servicio\u00a0en la que\u00a0quieres centrarte (Coaching en econom\u00eda dom\u00e9stica, Asesoramiento financiero personal o Intermediaci\u00f3n\u00a0con entidades bancarias).\u00a0Nos pondremos en contacto\u00a0contigo muy pronto a trav\u00e9s del medio\u00a0que\u00a0nos\u00a0pidas.<\/p>\n<p>Tambi\u00e9n puedes <strong class=\"gran\">contactar con nosotros<\/strong> por:<\/p>\n<p>Tel\u00e9fono: 681 169 222<br \/>\nE-mail: info@aconseguir.com[\/vc_column_text][\/vc_column][\/vc_row][vc_row][vc_column width=\u00bb1\/2&#8243;]\n<div class=\"wpcf7 no-js\" id=\"wpcf7-f1274-o1\" lang=\"es-ES\" dir=\"ltr\">\n<div class=\"screen-reader-response\"><p role=\"status\" aria-live=\"polite\" aria-atomic=\"true\"><\/p> <ul><\/ul><\/div>\n<form action=\"\/es\/wp-json\/wp\/v2\/pages\/1060#wpcf7-f1274-o1\" method=\"post\" class=\"wpcf7-form init\" aria-label=\"Formulario de contacto\" novalidate=\"novalidate\" data-status=\"init\">\n<div style=\"display: none;\">\n<input type=\"hidden\" name=\"_wpcf7\" value=\"1274\" \/>\n<input type=\"hidden\" name=\"_wpcf7_version\" value=\"5.9.5\" \/>\n<input type=\"hidden\" name=\"_wpcf7_locale\" value=\"es_ES\" \/>\n<input type=\"hidden\" name=\"_wpcf7_unit_tag\" value=\"wpcf7-f1274-o1\" \/>\n<input type=\"hidden\" name=\"_wpcf7_container_post\" value=\"0\" \/>\n<input type=\"hidden\" name=\"_wpcf7_posted_data_hash\" value=\"\" \/>\n<input type=\"hidden\" name=\"_wpcf7_recaptcha_response\" value=\"\" \/>\n<\/div>\n<p>Nombre* <span class=\"wpcf7-form-control-wrap\" data-name=\"your-name\"><input size=\"40\" class=\"wpcf7-form-control wpcf7-text wpcf7-validates-as-required\" aria-required=\"true\" aria-invalid=\"false\" value=\"\" type=\"text\" name=\"your-name\" \/><\/span>\n<\/p>\n<p>E-mail*\n<\/p>\n<p><span class=\"wpcf7-form-control-wrap\" data-name=\"your-email\"><input size=\"40\" class=\"wpcf7-form-control wpcf7-email wpcf7-validates-as-required wpcf7-text wpcf7-validates-as-email\" aria-required=\"true\" aria-invalid=\"false\" value=\"\" type=\"email\" name=\"your-email\" \/><\/span>\n<\/p>\n<p>Tel\u00e9fono*\n<\/p>\n<p><span class=\"wpcf7-form-control-wrap\" data-name=\"your-telefon\"><input size=\"40\" class=\"wpcf7-form-control wpcf7-tel wpcf7-text wpcf7-validates-as-tel\" aria-invalid=\"false\" value=\"\" type=\"tel\" name=\"your-telefon\" \/><\/span>\n<\/p>\n<p>Asunto\n<\/p>\n<p><span class=\"wpcf7-form-control-wrap\" data-name=\"your-assumpte\"><select class=\"wpcf7-form-control wpcf7-select\" aria-invalid=\"false\" name=\"your-assumpte\"><option value=\"Coaching econom\u00eda dom\u00e9stica\">Coaching econom\u00eda dom\u00e9stica<\/option><option value=\"Asesoramiento financiero personal\">Asesoramiento financiero personal<\/option><option value=\"Intermediaci\u00f3n con entidades bancarias\">Intermediaci\u00f3n con entidades bancarias<\/option><option value=\"Otros servicios a medida\">Otros servicios a medida<\/option><\/select><\/span>\n<\/p>\n<p>Consulta\n<\/p>\n<p><span class=\"wpcf7-form-control-wrap\" data-name=\"your-message\"><textarea cols=\"40\" rows=\"10\" class=\"wpcf7-form-control wpcf7-textarea\" aria-invalid=\"false\" name=\"your-message\"><\/textarea><\/span>\n<\/p>\n<p><span class=\"wpcf7-form-control-wrap\" data-name=\"acceptance-804\"><span class=\"wpcf7-form-control wpcf7-acceptance\"><span class=\"wpcf7-list-item\"><label><input type=\"checkbox\" name=\"acceptance-804\" value=\"1\" aria-invalid=\"false\" \/><span class=\"wpcf7-list-item-label\">Acepto la <a href=\"\/es\/politica-de-privacidad\/\" target=\"_blank\">Pol\u00edtica de privacidad*<\/a><\/span><\/label><\/span><\/span><\/span>\n<\/p>\n<div style=\"margin-top:10px; margin-bottom:10px;\">\n\n<\/div>\n<p><input class=\"wpcf7-form-control wpcf7-submit has-spinner\" type=\"submit\" value=\"Enviar\" \/>\n<\/p><div class=\"wpcf7-response-output\" aria-hidden=\"true\"><\/div>\n<\/form>\n<\/div>\n[\/vc_column][vc_column width=\u00bb1\/2&#8243;][vc_column_text]<br \/>\n[\/vc_column_text][\/vc_column][\/vc_row]<\/p>\n<\/div>","protected":false},"excerpt":{"rendered":"<p>[vc_row][vc_column width=\u00bb1\/1&#8243;][vc_column_text]Por favor,\u00a0efect\u00faa\u00a0tu consulta\u00a0a trav\u00e9s de\u00a0este formulario,\u00a0e\u00a0ind\u00edcanos\u00a0en el asunto\u00a0la opci\u00f3n de servicio\u00a0en la que\u00a0quieres centrarte (Coaching en econom\u00eda dom\u00e9stica, Asesoramiento financiero personal o Intermediaci\u00f3n\u00a0con entidades bancarias).\u00a0Nos pondremos en contacto\u00a0contigo muy pronto a trav\u00e9s del medio\u00a0que\u00a0nos\u00a0pidas. Tambi\u00e9n puedes contactar con nosotros por: Tel\u00e9fono: 681 169 222 E-mail: info@aconseguir.com[\/vc_column_text][\/vc_column][\/vc_row][vc_row][vc_column width=\u00bb1\/2&#8243;][\/vc_column][vc_column width=\u00bb1\/2&#8243;][vc_column_text] [\/vc_column_text][\/vc_column][\/vc_row]<\/p>\n","protected":false},"author":11,"featured_media":0,"parent":0,"menu_order":0,"comment_status":"closed","ping_status":"open","template":"","meta":{"_joinchat":[],"footnotes":""},"hashtags":[],"yoast_head":"<!-- This site is optimized with the Yoast SEO plugin v24.4 - https:\/\/yoast.com\/wordpress\/plugins\/seo\/ -->\n<title>Contacto acOnseguir<\/title>\n<meta name=\"description\" content=\"Si tienes alguna duda o quieres m\u00e1s informaci\u00f3n de algun servicio financiero, puedes hacer tu consulta en el formulario de contacto o en info@aconseguir.com\" \/>\n<meta name=\"robots\" content=\"index, follow, max-snippet:-1, max-image-preview:large, max-video-preview:-1\" \/>\n<link rel=\"canonical\" href=\"https:\/\/aconseguir.com\/es\/contacto\/\" \/>\n<meta property=\"og:locale\" content=\"es_ES\" \/>\n<meta property=\"og:type\" content=\"article\" \/>\n<meta property=\"og:title\" content=\"Contacto acOnseguir\" \/>\n<meta property=\"og:description\" content=\"Si tienes alguna duda o quieres m\u00e1s informaci\u00f3n de algun servicio financiero, puedes hacer tu consulta en el formulario de contacto o en info@aconseguir.com\" \/>\n<meta property=\"og:url\" content=\"https:\/\/aconseguir.com\/es\/contacto\/\" \/>\n<meta property=\"og:site_name\" content=\"aconseguir.com\" \/>\n<meta property=\"article:publisher\" content=\"https:\/\/www.facebook.com\/acOnseguir\/\" \/>\n<meta property=\"article:modified_time\" content=\"2020-11-18T16:24:03+00:00\" \/>\n<meta property=\"og:image\" content=\"https:\/\/aconseguir.com\/wp-content\/uploads\/2023\/05\/asesor-finanzas-aconseguir.jpg\" \/>\n\t<meta property=\"og:image:width\" content=\"500\" \/>\n\t<meta property=\"og:image:height\" content=\"500\" \/>\n\t<meta property=\"og:image:type\" content=\"image\/jpeg\" \/>\n<meta name=\"twitter:card\" content=\"summary_large_image\" \/>\n<meta name=\"twitter:site\" content=\"@aconseguir_cat\" \/>\n<meta name=\"twitter:label1\" content=\"Tiempo de lectura\" \/>\n\t<meta name=\"twitter:data1\" content=\"1 minuto\" \/>\n<script type=\"application\/ld+json\" class=\"yoast-schema-graph\">{\"@context\":\"https:\/\/schema.org\",\"@graph\":[{\"@type\":\"WebPage\",\"@id\":\"https:\/\/aconseguir.com\/es\/contacto\/\",\"url\":\"https:\/\/aconseguir.com\/es\/contacto\/\",\"name\":\"Contacto acOnseguir\",\"isPartOf\":{\"@id\":\"https:\/\/aconseguir.com\/es\/#website\"},\"datePublished\":\"2015-05-25T08:39:46+00:00\",\"dateModified\":\"2020-11-18T16:24:03+00:00\",\"description\":\"Si tienes alguna duda o quieres m\u00e1s informaci\u00f3n de algun servicio financiero, puedes hacer tu consulta en el formulario de contacto o en info@aconseguir.com\",\"inLanguage\":\"es\",\"potentialAction\":[{\"@type\":\"ReadAction\",\"target\":[\"https:\/\/aconseguir.com\/es\/contacto\/\"]}]},{\"@type\":\"WebSite\",\"@id\":\"https:\/\/aconseguir.com\/es\/#website\",\"url\":\"https:\/\/aconseguir.com\/es\/\",\"name\":\"aconseguir.com\",\"description\":\"Otro sitio realizado con WordPress\",\"publisher\":{\"@id\":\"https:\/\/aconseguir.com\/es\/#organization\"},\"potentialAction\":[{\"@type\":\"SearchAction\",\"target\":{\"@type\":\"EntryPoint\",\"urlTemplate\":\"https:\/\/aconseguir.com\/es\/?s={search_term_string}\"},\"query-input\":{\"@type\":\"PropertyValueSpecification\",\"valueRequired\":true,\"valueName\":\"search_term_string\"}}],\"inLanguage\":\"es\"},{\"@type\":\"Organization\",\"@id\":\"https:\/\/aconseguir.com\/es\/#organization\",\"name\":\"acOnseguir\",\"url\":\"https:\/\/aconseguir.com\/es\/\",\"logo\":{\"@type\":\"ImageObject\",\"inLanguage\":\"es\",\"@id\":\"https:\/\/aconseguir.com\/es\/#\/schema\/logo\/image\/\",\"url\":\"https:\/\/aconseguir.com\/wp-content\/uploads\/2015\/05\/logo-aconseguir.png\",\"contentUrl\":\"https:\/\/aconseguir.com\/wp-content\/uploads\/2015\/05\/logo-aconseguir.png\",\"width\":260,\"height\":90,\"caption\":\"acOnseguir\"},\"image\":{\"@id\":\"https:\/\/aconseguir.com\/es\/#\/schema\/logo\/image\/\"},\"sameAs\":[\"https:\/\/www.facebook.com\/acOnseguir\/\",\"https:\/\/x.com\/aconseguir_cat\"]}]}<\/script>\n<!-- \/ Yoast SEO plugin. -->","yoast_head_json":{"title":"Contacto acOnseguir","description":"Si tienes alguna duda o quieres m\u00e1s informaci\u00f3n de algun servicio financiero, puedes hacer tu consulta en el formulario de contacto o en info@aconseguir.com","robots":{"index":"index","follow":"follow","max-snippet":"max-snippet:-1","max-image-preview":"max-image-preview:large","max-video-preview":"max-video-preview:-1"},"canonical":"https:\/\/aconseguir.com\/es\/contacto\/","og_locale":"es_ES","og_type":"article","og_title":"Contacto acOnseguir","og_description":"Si tienes alguna duda o quieres m\u00e1s informaci\u00f3n de algun servicio financiero, puedes hacer tu consulta en el formulario de contacto o en info@aconseguir.com","og_url":"https:\/\/aconseguir.com\/es\/contacto\/","og_site_name":"aconseguir.com","article_publisher":"https:\/\/www.facebook.com\/acOnseguir\/","article_modified_time":"2020-11-18T16:24:03+00:00","og_image":[{"width":500,"height":500,"url":"https:\/\/aconseguir.com\/wp-content\/uploads\/2023\/05\/asesor-finanzas-aconseguir.jpg","type":"image\/jpeg"}],"twitter_card":"summary_large_image","twitter_site":"@aconseguir_cat","twitter_misc":{"Tiempo de lectura":"1 minuto"},"schema":{"@context":"https:\/\/schema.org","@graph":[{"@type":"WebPage","@id":"https:\/\/aconseguir.com\/es\/contacto\/","url":"https:\/\/aconseguir.com\/es\/contacto\/","name":"Contacto acOnseguir","isPartOf":{"@id":"https:\/\/aconseguir.com\/es\/#website"},"datePublished":"2015-05-25T08:39:46+00:00","dateModified":"2020-11-18T16:24:03+00:00","description":"Si tienes alguna duda o quieres m\u00e1s informaci\u00f3n de algun servicio financiero, puedes hacer tu consulta en el formulario de contacto o en info@aconseguir.com","inLanguage":"es","potentialAction":[{"@type":"ReadAction","target":["https:\/\/aconseguir.com\/es\/contacto\/"]}]},{"@type":"WebSite","@id":"https:\/\/aconseguir.com\/es\/#website","url":"https:\/\/aconseguir.com\/es\/","name":"aconseguir.com","description":"Otro sitio realizado con WordPress","publisher":{"@id":"https:\/\/aconseguir.com\/es\/#organization"},"potentialAction":[{"@type":"SearchAction","target":{"@type":"EntryPoint","urlTemplate":"https:\/\/aconseguir.com\/es\/?s={search_term_string}"},"query-input":{"@type":"PropertyValueSpecification","valueRequired":true,"valueName":"search_term_string"}}],"inLanguage":"es"},{"@type":"Organization","@id":"https:\/\/aconseguir.com\/es\/#organization","name":"acOnseguir","url":"https:\/\/aconseguir.com\/es\/","logo":{"@type":"ImageObject","inLanguage":"es","@id":"https:\/\/aconseguir.com\/es\/#\/schema\/logo\/image\/","url":"https:\/\/aconseguir.com\/wp-content\/uploads\/2015\/05\/logo-aconseguir.png","contentUrl":"https:\/\/aconseguir.com\/wp-content\/uploads\/2015\/05\/logo-aconseguir.png","width":260,"height":90,"caption":"acOnseguir"},"image":{"@id":"https:\/\/aconseguir.com\/es\/#\/schema\/logo\/image\/"},"sameAs":["https:\/\/www.facebook.com\/acOnseguir\/","https:\/\/x.com\/aconseguir_cat"]}]}},"_links":{"self":[{"href":"https:\/\/aconseguir.com\/es\/wp-json\/wp\/v2\/pages\/1060"}],"collection":[{"href":"https:\/\/aconseguir.com\/es\/wp-json\/wp\/v2\/pages"}],"about":[{"href":"https:\/\/aconseguir.com\/es\/wp-json\/wp\/v2\/types\/page"}],"author":[{"embeddable":true,"href":"https:\/\/aconseguir.com\/es\/wp-json\/wp\/v2\/users\/11"}],"replies":[{"embeddable":true,"href":"https:\/\/aconseguir.com\/es\/wp-json\/wp\/v2\/comments?post=1060"}],"version-history":[{"count":8,"href":"https:\/\/aconseguir.com\/es\/wp-json\/wp\/v2\/pages\/1060\/revisions"}],"predecessor-version":[{"id":1892,"href":"https:\/\/aconseguir.com\/es\/wp-json\/wp\/v2\/pages\/1060\/revisions\/1892"}],"wp:attachment":[{"href":"https:\/\/aconseguir.com\/es\/wp-json\/wp\/v2\/media?parent=1060"}],"wp:term":[{"taxonomy":"hashtags","embeddable":true,"href":"https:\/\/aconseguir.com\/es\/wp-json\/wp\/v2\/hashtags?post=1060"}],"curies":[{"name":"wp","href":"https:\/\/api.w.org\/{rel}","templated":true}]}}